{"id":990,"date":"2025-09-11T23:19:09","date_gmt":"2025-09-11T23:19:09","guid":{"rendered":"https:\/\/wisebusiness.net\/?page_id=990"},"modified":"2025-09-11T23:33:08","modified_gmt":"2025-09-11T23:33:08","slug":"divulgation-de-laffiliation","status":"publish","type":"page","link":"https:\/\/wisebusiness.net\/fr\/divulgation-de-laffiliation\/","title":{"rendered":"Divulgation de l'affiliation"},"content":{"rendered":"<div data-elementor-type=\"wp-page\" data-elementor-id=\"990\" class=\"elementor elementor-990\">\n\t\t\t\t<div class=\"elementor-element elementor-element-67645e7 e-flex e-con-boxed e-con e-parent\" data-id=\"67645e7\" data-element_type=\"container\" data-e-type=\"container\" data-settings=\"{&quot;background_background&quot;:&quot;classic&quot;}\">\n\t\t\t\t\t<div class=\"e-con-inner\">\n\t\t<div class=\"elementor-element elementor-element-1e1afb7 e-con-full e-flex e-con e-child\" data-id=\"1e1afb7\" data-element_type=\"container\" data-e-type=\"container\">\n\t\t\t\t<div class=\"elementor-element elementor-element-3b43788 elementor-widget elementor-widget-elementskit-heading\" data-id=\"3b43788\" data-element_type=\"widget\" data-e-type=\"widget\" data-widget_type=\"elementskit-heading.default\">\n\t\t\t\t\t<div class=\"ekit-wid-con\" ><div class=\"ekit-heading elementskit-section-title-wraper text_left   ekit_heading_tablet-   ekit_heading_mobile-\"><h1 class=\"ekit-heading--title elementskit-section-title\">Divulgation de l'affiliation<span><span>.<\/span><\/span><\/h1><\/div><\/div>\t\t\t\t<\/div>\n\t\t\t\t<\/div>\n\t\t\t\t\t<\/div>\n\t\t\t\t<\/div>\n\t\t<div class=\"elementor-element elementor-element-2ffb7cf4 e-flex e-con-boxed e-con e-parent\" data-id=\"2ffb7cf4\" data-element_type=\"container\" data-e-type=\"container\">\n\t\t\t\t\t<div class=\"e-con-inner\">\n\t\t\t\t<div class=\"elementor-element elementor-element-309e22ec elementor-widget elementor-widget-text-editor\" data-id=\"309e22ec\" data-element_type=\"widget\" data-e-type=\"widget\" data-widget_type=\"text-editor.default\">\n\t\t\t\t\t\t\t\t\t<h1 data-start=\"112\" data-end=\"136\">\u00a0<\/h1>\n<p data-start=\"138\" data-end=\"244\"><strong data-start=\"138\" data-end=\"157\">Date d'entr\u00e9e en vigueur :<\/strong> 2025\/09\/11<br data-start=\"171\" data-end=\"174\" \/><strong data-start=\"174\" data-end=\"186\">Entreprise :<\/strong> WISEBUSINESS IT LTD (\"WiseBusiness\", \"nous\", \"notre\", \"nos\")<\/p>\n<hr data-start=\"246\" data-end=\"249\" \/>\n<h3 data-start=\"251\" data-end=\"266\">1. Objet<\/h3>\n<p data-start=\"267\" data-end=\"492\">Une partie du contenu de notre site web, de notre blog ou de nos communications par courrier \u00e9lectronique peut contenir <strong data-start=\"345\" data-end=\"364\">liens affili\u00e9s<\/strong>. Cela signifie que si vous cliquez sur un lien et que vous effectuez un achat, nous pouvons percevoir une r\u00e9mun\u00e9ration. <strong data-start=\"440\" data-end=\"460\">petite commission<\/strong> sans frais suppl\u00e9mentaires.<\/p>\n<hr data-start=\"494\" data-end=\"497\" \/>\n<h3 data-start=\"499\" data-end=\"527\">2. Transparence et confiance<\/h3>\n<ul data-start=\"528\" data-end=\"801\">\n<li data-start=\"528\" data-end=\"636\">\n<p data-start=\"530\" data-end=\"636\">Nous <strong data-start=\"533\" data-end=\"579\">ne promouvoir que des produits ou des services en lesquels nous avons confiance<\/strong> et nous pensons qu'ils apporteront une valeur ajout\u00e9e \u00e0 nos clients ou \u00e0 notre public.<\/p>\n<\/li>\n<li data-start=\"637\" data-end=\"729\">\n<p data-start=\"639\" data-end=\"729\">Commissions d'affiliation <strong data-start=\"661\" data-end=\"701\">n'influencent pas nos recommandations<\/strong> ou le contenu que nous cr\u00e9ons.<\/p>\n<\/li>\n<li data-start=\"730\" data-end=\"801\">\n<p data-start=\"732\" data-end=\"801\">Tous les liens sont clairement indiqu\u00e9s lorsqu'il existe une relation d'affiliation.<\/p>\n<\/li>\n<\/ul>\n<hr data-start=\"803\" data-end=\"806\" \/>\n<h3 data-start=\"808\" data-end=\"829\">3. L'impact sur vous<\/h3>\n<ul data-start=\"830\" data-end=\"994\">\n<li data-start=\"830\" data-end=\"893\">\n<p data-start=\"832\" data-end=\"893\">L'utilisation de nos liens d'affiliation <strong data-start=\"863\" data-end=\"890\">ne pas augmenter votre prix<\/strong>.<\/p>\n<\/li>\n<li data-start=\"894\" data-end=\"994\">\n<p data-start=\"896\" data-end=\"994\">Votre soutien par le biais des liens affili\u00e9s nous aide \u00e0 <strong data-start=\"942\" data-end=\"991\">maintenir et am\u00e9liorer notre contenu et nos services<\/strong>.<\/p>\n<\/li>\n<\/ul>\n<hr data-start=\"996\" data-end=\"999\" \/>\n<h3 data-start=\"1001\" data-end=\"1021\">4. Absence de responsabilit\u00e9<\/h3>\n<ul data-start=\"1022\" data-end=\"1211\">\n<li data-start=\"1022\" data-end=\"1113\">\n<p data-start=\"1024\" data-end=\"1113\">WiseBusiness est <strong data-start=\"1040\" data-end=\"1110\">n'est pas responsable des produits ou services des partenaires affili\u00e9s<\/strong>.<\/p>\n<\/li>\n<li data-start=\"1114\" data-end=\"1211\">\n<p data-start=\"1116\" data-end=\"1211\">Veuillez lire les conditions g\u00e9n\u00e9rales et les politiques de confidentialit\u00e9 des sites tiers que vous visitez.<\/p>\n<\/li>\n<\/ul>\n<hr data-start=\"1213\" data-end=\"1216\" \/>\n<h3 data-start=\"1218\" data-end=\"1233\">5. Mises \u00e0 jour<\/h3>\n<p data-start=\"1234\" data-end=\"1352\">Nous pouvons mettre \u00e0 jour cette d\u00e9claration d'affiliation de temps \u00e0 autre. La derni\u00e8re version sera toujours disponible sur cette page.<\/p>\n<hr data-start=\"1354\" data-end=\"1357\" \/>\n<p data-start=\"1359\" data-end=\"1466\"><strong data-start=\"1359\" data-end=\"1374\">Nous contacter :<\/strong><br data-start=\"1374\" data-end=\"1377\" \/>\ud83d\udce7 <a class=\"decorated-link cursor-pointer\" rel=\"noopener\" data-start=\"1380\" data-end=\"1402\">legal@wisebusiness.net<\/a><br data-start=\"1402\" data-end=\"1405\" \/>\ud83d\udccd 71-75 Shelton Street, Covent Garden, London WC2H 9JQ, UK<\/p>\t\t\t\t\t\t\t\t<\/div>\n\t\t\t\t\t<\/div>\n\t\t\t\t<\/div>\n\t\t\t\t<\/div>","protected":false},"excerpt":{"rendered":"<p>Affiliate Disclosure. \u00a0 Effective Date: 2025\/09\/11Company: WISEBUSINESS IT LTD (&#8220;WiseBusiness&#8221;, &#8220;we&#8221;, &#8220;our&#8221;, &#8220;us&#8221;) 1. Purpose Some of the content on [&hellip;]<\/p>\n","protected":false},"author":1,"featured_media":0,"parent":0,"menu_order":0,"comment_status":"closed","ping_status":"closed","template":"elementor_header_footer","meta":{"content-type":"","site-sidebar-layout":"default","site-content-layout":"","ast-site-content-layout":"full-width-container","site-content-style":"default","site-sidebar-style":"default","ast-global-header-display":"","ast-banner-title-visibility":"","ast-main-header-display":"","ast-hfb-above-header-display":"","ast-hfb-below-header-display":"","ast-hfb-mobile-header-display":"","site-post-title":"","ast-breadcrumbs-content":"","ast-featured-img":"","footer-sml-layout":"","ast-disable-related-posts":"","theme-transparent-header-meta":"","adv-header-id-meta":"","stick-header-meta":"","header-above-stick-meta":"","header-main-stick-meta":"","header-below-stick-meta":"","astra-migrate-meta-layouts":"default","ast-page-background-enabled":"default","ast-page-background-meta":{"desktop":{"background-color":"var(--ast-global-color-5)","background-image":"","background-repeat":"repeat","background-position":"center center","background-size":"auto","background-attachment":"scroll","background-type":"","background-media":"","overlay-type":"","overlay-color":"","overlay-opacity":"","overlay-gradient":""},"tablet":{"background-color":"","background-image":"","background-repeat":"repeat","background-position":"center center","background-size":"auto","background-attachment":"scroll","background-type":"","background-media":"","overlay-type":"","overlay-color":"","overlay-opacity":"","overlay-gradient":""},"mobile":{"background-color":"","background-image":"","background-repeat":"repeat","background-position":"center center","background-size":"auto","background-attachment":"scroll","background-type":"","background-media":"","overlay-type":"","overlay-color":"","overlay-opacity":"","overlay-gradient":""}},"ast-content-background-meta":{"desktop":{"background-color":"var(--ast-global-color-4)","background-image":"","background-repeat":"repeat","background-position":"center center","background-size":"auto","background-attachment":"scroll","background-type":"","background-media":"","overlay-type":"","overlay-color":"","overlay-opacity":"","overlay-gradient":""},"tablet":{"background-color":"var(--ast-global-color-4)","background-image":"","background-repeat":"repeat","background-position":"center center","background-size":"auto","background-attachment":"scroll","background-type":"","background-media":"","overlay-type":"","overlay-color":"","overlay-opacity":"","overlay-gradient":""},"mobile":{"background-color":"var(--ast-global-color-4)","background-image":"","background-repeat":"repeat","background-position":"center center","background-size":"auto","background-attachment":"scroll","background-type":"","background-media":"","overlay-type":"","overlay-color":"","overlay-opacity":"","overlay-gradient":""}},"footnotes":""},"class_list":["post-990","page","type-page","status-publish","hentry"],"_links":{"self":[{"href":"https:\/\/wisebusiness.net\/fr\/wp-json\/wp\/v2\/pages\/990","targetHints":{"allow":["GET"]}}],"collection":[{"href":"https:\/\/wisebusiness.net\/fr\/wp-json\/wp\/v2\/pages"}],"about":[{"href":"https:\/\/wisebusiness.net\/fr\/wp-json\/wp\/v2\/types\/page"}],"author":[{"embeddable":true,"href":"https:\/\/wisebusiness.net\/fr\/wp-json\/wp\/v2\/users\/1"}],"replies":[{"embeddable":true,"href":"https:\/\/wisebusiness.net\/fr\/wp-json\/wp\/v2\/comments?post=990"}],"version-history":[{"count":8,"href":"https:\/\/wisebusiness.net\/fr\/wp-json\/wp\/v2\/pages\/990\/revisions"}],"predecessor-version":[{"id":1065,"href":"https:\/\/wisebusiness.net\/fr\/wp-json\/wp\/v2\/pages\/990\/revisions\/1065"}],"wp:attachment":[{"href":"https:\/\/wisebusiness.net\/fr\/wp-json\/wp\/v2\/media?parent=990"}],"curies":[{"name":"wp","href":"https:\/\/api.w.org\/{rel}","templated":true}]}}