{"id":3,"date":"2025-07-21T13:28:46","date_gmt":"2025-07-21T13:28:46","guid":{"rendered":"https:\/\/wisebusiness.net\/?page_id=3"},"modified":"2025-09-11T23:24:08","modified_gmt":"2025-09-11T23:24:08","slug":"politique-de-confidentialite","status":"publish","type":"page","link":"https:\/\/wisebusiness.net\/fr\/politique-de-confidentialite\/","title":{"rendered":"Politique de confidentialit\u00e9"},"content":{"rendered":"<div data-elementor-type=\"wp-page\" data-elementor-id=\"3\" class=\"elementor elementor-3\">\n\t\t\t\t<div class=\"elementor-element elementor-element-3825561 e-flex e-con-boxed e-con e-parent\" data-id=\"3825561\" data-element_type=\"container\" data-e-type=\"container\" data-settings=\"{&quot;background_background&quot;:&quot;classic&quot;}\">\n\t\t\t\t\t<div class=\"e-con-inner\">\n\t\t<div class=\"elementor-element elementor-element-be389a6 e-con-full e-flex e-con e-child\" data-id=\"be389a6\" data-element_type=\"container\" data-e-type=\"container\">\n\t\t\t\t<div class=\"elementor-element elementor-element-d55e1ca elementor-widget elementor-widget-elementskit-heading\" data-id=\"d55e1ca\" data-element_type=\"widget\" data-e-type=\"widget\" data-widget_type=\"elementskit-heading.default\">\n\t\t\t\t\t<div class=\"ekit-wid-con\" ><div class=\"ekit-heading elementskit-section-title-wraper text_left   ekit_heading_tablet-   ekit_heading_mobile-\"><h1 class=\"ekit-heading--title elementskit-section-title\">Politique de confidentialit\u00e9<span><span>.<\/span><\/span><\/h1><\/div><\/div>\t\t\t\t<\/div>\n\t\t\t\t<\/div>\n\t\t\t\t\t<\/div>\n\t\t\t\t<\/div>\n\t\t<div class=\"elementor-element elementor-element-12b3601e e-flex e-con-boxed e-con e-parent\" data-id=\"12b3601e\" data-element_type=\"container\" data-e-type=\"container\">\n\t\t\t\t\t<div class=\"e-con-inner\">\n\t\t\t\t<div class=\"elementor-element elementor-element-638ebac1 elementor-widget elementor-widget-text-editor\" data-id=\"638ebac1\" data-element_type=\"widget\" data-e-type=\"widget\" data-widget_type=\"text-editor.default\">\n\t\t\t\t\t\t\t\t\t<h2 data-start=\"214\" data-end=\"235\">\u00a0<\/h2><p data-start=\"236\" data-end=\"269\"><strong data-start=\"236\" data-end=\"267\">Derni\u00e8re mise \u00e0 jour : 2025\/09\/11<\/strong><\/p><p data-start=\"271\" data-end=\"580\">WISEBUSINESS IT LTD (\"nous\", \"notre\", \"nos\") respecte votre vie priv\u00e9e et s'engage \u00e0 prot\u00e9ger les donn\u00e9es personnelles de ses clients, de ses partenaires et des visiteurs de son site web. Cette politique de confidentialit\u00e9 explique comment nous collectons, utilisons et prot\u00e9geons vos donn\u00e9es personnelles lorsque vous interagissez avec notre site web, nos services et nos communications.<\/p><hr data-start=\"582\" data-end=\"585\" \/><h3 data-start=\"587\" data-end=\"605\">1. Qui sommes-nous ?<\/h3><ul data-start=\"606\" data-end=\"791\"><li data-start=\"606\" data-end=\"647\"><p data-start=\"608\" data-end=\"647\"><strong data-start=\"608\" data-end=\"625\">Nom de l'entreprise :<\/strong> WISEBUSINESS IT LTD<\/p><\/li><li data-start=\"648\" data-end=\"745\"><p data-start=\"650\" data-end=\"745\"><strong data-start=\"650\" data-end=\"673\">Adresse du si\u00e8ge social :<\/strong> 71-75 Shelton Street, Covent Garden, Londres, WC2H 9JQ, Royaume-Uni<\/p><\/li><li data-start=\"746\" data-end=\"791\"><p data-start=\"748\" data-end=\"791\"><strong data-start=\"748\" data-end=\"766\">Contact juridique :<\/strong> <a class=\"decorated-link cursor-pointer\" rel=\"noopener\" data-start=\"767\" data-end=\"789\">legal@wisebusiness.net<\/a><\/p><\/li><\/ul><p data-start=\"793\" data-end=\"886\">Nous op\u00e9rons \u00e0 l'\u00e9chelle mondiale, avec une pr\u00e9sence au Royaume-Uni et au Maroc, et nous servons des clients internationaux.<\/p><hr data-start=\"888\" data-end=\"891\" \/><h3 data-start=\"893\" data-end=\"921\">2. Quelles sont les donn\u00e9es que nous collectons ?<\/h3><p data-start=\"922\" data-end=\"967\">Nous pouvons collecter les types de donn\u00e9es suivants :<\/p><ul data-start=\"968\" data-end=\"1359\"><li data-start=\"968\" data-end=\"1032\"><p data-start=\"970\" data-end=\"1032\"><strong data-start=\"970\" data-end=\"995\">Identifiants personnels :<\/strong> Nom, adresse \u00e9lectronique, num\u00e9ro de t\u00e9l\u00e9phone.<\/p><\/li><li data-start=\"1033\" data-end=\"1111\"><p data-start=\"1035\" data-end=\"1111\"><strong data-start=\"1035\" data-end=\"1060\">Informations sur l'entreprise :<\/strong> Nom de l'entreprise, secteur d'activit\u00e9 et pr\u00e9f\u00e9rences en mati\u00e8re de services.<\/p><\/li><li data-start=\"1112\" data-end=\"1181\"><p data-start=\"1114\" data-end=\"1181\"><strong data-start=\"1114\" data-end=\"1133\">Donn\u00e9es techniques :<\/strong> Adresse IP, type de navigateur, informations sur l'appareil.<\/p><\/li><li data-start=\"1182\" data-end=\"1268\"><p data-start=\"1184\" data-end=\"1268\"><strong data-start=\"1184\" data-end=\"1199\">Donn\u00e9es d'utilisation :<\/strong> Pages visit\u00e9es, temps pass\u00e9, chemins de navigation (via des outils d'analyse).<\/p><\/li><li data-start=\"1269\" data-end=\"1359\"><p data-start=\"1271\" data-end=\"1359\"><strong data-start=\"1271\" data-end=\"1294\">Cookies et suivi :<\/strong> Cookies de session, pr\u00e9f\u00e9rences, analyses et pixels marketing.<\/p><\/li><\/ul><hr data-start=\"1361\" data-end=\"1364\" \/><h3 data-start=\"1366\" data-end=\"1393\">3. Comment nous collectons les donn\u00e9es<\/h3><ul data-start=\"1394\" data-end=\"1723\"><li data-start=\"1394\" data-end=\"1460\"><p data-start=\"1396\" data-end=\"1460\">Lorsque vous <strong data-start=\"1405\" data-end=\"1431\">remplir les formulaires de contact<\/strong> ou demander une consultation.<\/p><\/li><li data-start=\"1461\" data-end=\"1525\"><p data-start=\"1463\" data-end=\"1525\">Lorsque vous <strong data-start=\"1472\" data-end=\"1500\">s'abonner aux bulletins d'information<\/strong> ou t\u00e9l\u00e9charger des ressources.<\/p><\/li><li data-start=\"1526\" data-end=\"1592\"><p data-start=\"1528\" data-end=\"1592\">A travers <strong data-start=\"1536\" data-end=\"1555\">outils d'analyse<\/strong> comme Google Analytics et HubSpot.<\/p><\/li><li data-start=\"1593\" data-end=\"1651\"><p data-start=\"1595\" data-end=\"1651\">A travers <strong data-start=\"1603\" data-end=\"1625\">pixels publicitaires<\/strong> tels que Facebook Pixel.<\/p><\/li><li data-start=\"1652\" data-end=\"1723\"><p data-start=\"1654\" data-end=\"1723\">Lorsque vous communiquez avec nous via <strong data-start=\"1687\" data-end=\"1720\">courriel, t\u00e9l\u00e9phone ou m\u00e9dias sociaux<\/strong>.<\/p><\/li><\/ul><hr data-start=\"1725\" data-end=\"1728\" \/><h3 data-start=\"1730\" data-end=\"1758\">4. Comment nous utilisons vos donn\u00e9es<\/h3><p data-start=\"1759\" data-end=\"1785\">Nous utilisons les donn\u00e9es personnelles pour :<\/p><ul data-start=\"1786\" data-end=\"2142\"><li data-start=\"1786\" data-end=\"1841\"><p data-start=\"1788\" data-end=\"1841\">Fournir nos services marketing et web.<\/p><\/li><li data-start=\"1842\" data-end=\"1895\"><p data-start=\"1844\" data-end=\"1895\">R\u00e9pondre aux demandes de renseignements, aux requ\u00eates ou aux besoins d'assistance.<\/p><\/li><li data-start=\"1896\" data-end=\"1948\"><p data-start=\"1898\" data-end=\"1948\">Am\u00e9liorer les performances du site web et l'exp\u00e9rience de l'utilisateur.<\/p><\/li><li data-start=\"1949\" data-end=\"2004\"><p data-start=\"1951\" data-end=\"2004\">Effectuer des analyses pour optimiser les campagnes et les strat\u00e9gies.<\/p><\/li><li data-start=\"2005\" data-end=\"2074\"><p data-start=\"2007\" data-end=\"2074\">Envoyer des bulletins d'information, des mises \u00e0 jour et des communications marketing pertinentes.<\/p><\/li><li data-start=\"2075\" data-end=\"2142\"><p data-start=\"2077\" data-end=\"2142\">Veiller au respect des obligations l\u00e9gales, fiscales et contractuelles.<\/p><\/li><\/ul><p data-start=\"2144\" data-end=\"2238\">Nous <strong data-start=\"2147\" data-end=\"2178\">ne pas vendre, louer ou partager<\/strong> des donn\u00e9es \u00e0 caract\u00e8re personnel avec des tiers \u00e0 des fins commerciales.<\/p><hr data-start=\"2240\" data-end=\"2243\" \/><h3 data-start=\"2245\" data-end=\"2281\">5. Transferts internationaux de donn\u00e9es<\/h3><p data-start=\"2282\" data-end=\"2513\">Comme nous servons des clients dans le monde entier, vos donn\u00e9es peuvent \u00eatre trait\u00e9es en dehors du Royaume-Uni et de l'Union europ\u00e9enne (par exemple, sur des serveurs aux \u00c9tats-Unis ou dans d'autres juridictions). Nous veillons \u00e0 ce que ces transferts soient conformes <strong data-start=\"2452\" data-end=\"2471\">Garanties GDPR<\/strong> (telles que les clauses contractuelles types).<\/p><hr data-start=\"2515\" data-end=\"2518\" \/><h3 data-start=\"2520\" data-end=\"2542\">6. Conservation des donn\u00e9es<\/h3><p data-start=\"2543\" data-end=\"2697\">Nous conservons les donn\u00e9es \u00e0 caract\u00e8re personnel <strong data-start=\"2567\" data-end=\"2610\">jusqu'\u00e0 la fin du contrat avec le client<\/strong>\u00e0 moins que la loi n'en dispose autrement. Vous pouvez demander une suppression anticip\u00e9e (voir section 9).<\/p><hr data-start=\"2699\" data-end=\"2702\" \/><h3 data-start=\"2704\" data-end=\"2745\">7. Base juridique du traitement (GDPR)<\/h3><p data-start=\"2746\" data-end=\"2790\">Nous traitons les donn\u00e9es sur les bases suivantes :<\/p><ul data-start=\"2791\" data-end=\"3067\"><li data-start=\"2791\" data-end=\"2858\"><p data-start=\"2793\" data-end=\"2858\"><strong data-start=\"2793\" data-end=\"2804\">Consentement<\/strong> (lorsque vous vous inscrivez \u00e0 des bulletins d'information ou acceptez des cookies).<\/p><\/li><li data-start=\"2859\" data-end=\"2916\"><p data-start=\"2861\" data-end=\"2916\"><strong data-start=\"2861\" data-end=\"2873\">Contrat<\/strong> (lorsqu'il s'agit de vous fournir des services d'agence).<\/p><\/li><li data-start=\"2917\" data-end=\"3007\"><p data-start=\"2919\" data-end=\"3007\"><strong data-start=\"2919\" data-end=\"2942\">Int\u00e9r\u00eat l\u00e9gitime<\/strong> (d\u00e9veloppement commercial, pr\u00e9vention de la fraude, am\u00e9lioration du site web).<\/p><\/li><li data-start=\"3008\" data-end=\"3067\"><p data-start=\"3010\" data-end=\"3067\"><strong data-start=\"3010\" data-end=\"3030\">Obligation l\u00e9gale<\/strong> (exigences fiscales et r\u00e9glementaires).<\/p><\/li><\/ul><hr data-start=\"3069\" data-end=\"3072\" \/><h3 data-start=\"3074\" data-end=\"3100\">8. Cookies et suivi<\/h3><p data-start=\"3101\" data-end=\"3120\">Notre site Internet utilise :<\/p><ul data-start=\"3121\" data-end=\"3364\"><li data-start=\"3121\" data-end=\"3184\"><p data-start=\"3123\" data-end=\"3184\"><strong data-start=\"3123\" data-end=\"3144\">Cookies essentiels<\/strong> - n\u00e9cessaires \u00e0 la fonctionnalit\u00e9 du site web.<\/p><\/li><li data-start=\"3185\" data-end=\"3239\"><p data-start=\"3187\" data-end=\"3239\"><strong data-start=\"3187\" data-end=\"3208\">Cookies analytiques<\/strong> - Google Analytics, HubSpot.<\/p><\/li><li data-start=\"3240\" data-end=\"3301\"><p data-start=\"3242\" data-end=\"3301\"><strong data-start=\"3242\" data-end=\"3263\">Cookies marketing<\/strong> - Pixel Facebook, balises de remarketing.<\/p><\/li><li data-start=\"3302\" data-end=\"3364\"><p data-start=\"3304\" data-end=\"3364\"><strong data-start=\"3304\" data-end=\"3326\">Cookies de pr\u00e9f\u00e9rence<\/strong> - pour m\u00e9moriser les param\u00e8tres et les choix.<\/p><\/li><\/ul><p data-start=\"3366\" data-end=\"3483\">Vous pouvez g\u00e9rer les pr\u00e9f\u00e9rences en mati\u00e8re de cookies via notre banni\u00e8re de cookies ou les param\u00e8tres de votre navigateur. Voir notre <strong data-start=\"3451\" data-end=\"3468\">Politique en mati\u00e8re de cookies<\/strong> pour plus de d\u00e9tails.<\/p><hr data-start=\"3485\" data-end=\"3488\" \/><h3 data-start=\"3490\" data-end=\"3523\">9. Vos droits (GDPR &amp; CCPA)<\/h3><p data-start=\"3524\" data-end=\"3548\">Vous avez le droit de :<\/p><ul data-start=\"3549\" data-end=\"3839\"><li data-start=\"3549\" data-end=\"3581\"><p data-start=\"3551\" data-end=\"3581\">Demander l'acc\u00e8s \u00e0 vos donn\u00e9es.<\/p><\/li><li data-start=\"3582\" data-end=\"3617\"><p data-start=\"3584\" data-end=\"3617\">Demander une correction ou une suppression.<\/p><\/li><li data-start=\"3618\" data-end=\"3647\"><p data-start=\"3620\" data-end=\"3647\">Demander la portabilit\u00e9 des donn\u00e9es.<\/p><\/li><li data-start=\"3648\" data-end=\"3699\"><p data-start=\"3650\" data-end=\"3699\">S'opposer \u00e0 certains traitements (par exemple, le marketing).<\/p><\/li><li data-start=\"3700\" data-end=\"3733\"><p data-start=\"3702\" data-end=\"3733\">Retirer son consentement \u00e0 tout moment.<\/p><\/li><li data-start=\"3734\" data-end=\"3839\"><p data-start=\"3736\" data-end=\"3839\">Pour les r\u00e9sidents de Californie : refus de toute \"vente de donn\u00e9es\" (nous ne vendons pas de donn\u00e9es, mais nous respectons les droits de la CCPA).<\/p><\/li><\/ul><p data-start=\"3841\" data-end=\"3908\">Pour exercer vos droits, envoyez-nous un courriel \u00e0 l'adresse suivante <strong data-start=\"3879\" data-end=\"3905\"><a class=\"decorated-link cursor-pointer\" rel=\"noopener\" data-start=\"3881\" data-end=\"3903\">legal@wisebusiness.net<\/a><\/strong>.<\/p><hr data-start=\"3910\" data-end=\"3913\" \/><h3 data-start=\"3915\" data-end=\"3937\">10. S\u00e9curit\u00e9 des donn\u00e9es<\/h3><p data-start=\"3938\" data-end=\"4102\">Nous utilisons des mesures techniques et organisationnelles pour prot\u00e9ger vos donn\u00e9es, y compris le cryptage, l'h\u00e9bergement s\u00e9curis\u00e9 et l'acc\u00e8s restreint. Cependant, aucun syst\u00e8me n'est 100% s\u00fbr.<\/p><hr data-start=\"4104\" data-end=\"4107\" \/><h3 data-start=\"4109\" data-end=\"4138\">11. Services de tiers<\/h3><p data-start=\"4139\" data-end=\"4180\">Nous faisons appel \u00e0 des fournisseurs tiers, notamment :<\/p><ul data-start=\"4181\" data-end=\"4293\"><li data-start=\"4181\" data-end=\"4217\"><p data-start=\"4183\" data-end=\"4217\"><strong data-start=\"4183\" data-end=\"4203\">Google Analytics<\/strong> (analyse)<\/p><\/li><li data-start=\"4218\" data-end=\"4256\"><p data-start=\"4220\" data-end=\"4256\"><strong data-start=\"4220\" data-end=\"4231\">HubSpot<\/strong> (CRM, gestion des prospects)<\/p><\/li><li data-start=\"4257\" data-end=\"4293\"><p data-start=\"4259\" data-end=\"4293\"><strong data-start=\"4259\" data-end=\"4277\">Pixel Facebook<\/strong> (publicit\u00e9)<\/p><\/li><\/ul><p data-start=\"4295\" data-end=\"4397\">Nous ne sommes pas responsables des pratiques des tiers en mati\u00e8re de protection de la vie priv\u00e9e et nous vous recommandons de consulter leurs politiques.<\/p><hr data-start=\"4399\" data-end=\"4402\" \/><h3 data-start=\"4404\" data-end=\"4435\">12. Modifications de la pr\u00e9sente politique<\/h3><p data-start=\"4436\" data-end=\"4562\">Nous pouvons mettre \u00e0 jour la pr\u00e9sente politique de confidentialit\u00e9 de temps \u00e0 autre. Les mises \u00e0 jour seront publi\u00e9es sur cette page avec une date de \"derni\u00e8re mise \u00e0 jour\" r\u00e9vis\u00e9e.<\/p><hr data-start=\"4564\" data-end=\"4567\" \/><h3 data-start=\"4569\" data-end=\"4588\">13. Nous contacter<\/h3><p data-start=\"4589\" data-end=\"4712\">Si vous avez des questions, des pr\u00e9occupations ou des plaintes concernant la pr\u00e9sente politique de confidentialit\u00e9 ou la mani\u00e8re dont nous traitons les donn\u00e9es, veuillez nous contacter \u00e0 l'adresse suivante<\/p><p data-start=\"4714\" data-end=\"4841\">\ud83d\udce7 <strong data-start=\"4717\" data-end=\"4743\"><a class=\"decorated-link cursor-pointer\" rel=\"noopener\" data-start=\"4719\" data-end=\"4741\">legal@wisebusiness.net<\/a><\/strong><br data-start=\"4743\" data-end=\"4746\" \/>\ud83d\udccd WISEBUSINESS IT LTD, 71-75 Shelton Street, Covent Garden, London, WC2H 9JQ, Royaume-Uni<\/p>\t\t\t\t\t\t\t\t<\/div>\n\t\t\t\t\t<\/div>\n\t\t\t\t<\/div>\n\t\t\t\t<\/div>","protected":false},"excerpt":{"rendered":"<p>Privacy Policy. \u00a0 Last updated: 2025\/09\/11 WISEBUSINESS IT LTD (\u201cwe,\u201d \u201cour,\u201d \u201cus\u201d) respects your privacy and is committed to protecting [&hellip;]<\/p>\n","protected":false},"author":1,"featured_media":0,"parent":0,"menu_order":0,"comment_status":"closed","ping_status":"open","template":"elementor_header_footer","meta":{"content-type":"","site-sidebar-layout":"default","site-content-layout":"","ast-site-content-layout":"full-width-container","site-content-style":"default","site-sidebar-style":"default","ast-global-header-display":"","ast-banner-title-visibility":"","ast-main-header-display":"","ast-hfb-above-header-display":"","ast-hfb-below-header-display":"","ast-hfb-mobile-header-display":"","site-post-title":"","ast-breadcrumbs-content":"","ast-featured-img":"","footer-sml-layout":"","ast-disable-related-posts":"","theme-transparent-header-meta":"","adv-header-id-meta":"","stick-header-meta":"","header-above-stick-meta":"","header-main-stick-meta":"","header-below-stick-meta":"","astra-migrate-meta-layouts":"default","ast-page-background-enabled":"default","ast-page-background-meta":{"desktop":{"background-color":"var(--ast-global-color-5)","background-image":"","background-repeat":"repeat","background-position":"center center","background-size":"auto","background-attachment":"scroll","background-type":"","background-media":"","overlay-type":"","overlay-color":"","overlay-opacity":"","overlay-gradient":""},"tablet":{"background-color":"","background-image":"","background-repeat":"repeat","background-position":"center center","background-size":"auto","background-attachment":"scroll","background-type":"","background-media":"","overlay-type":"","overlay-color":"","overlay-opacity":"","overlay-gradient":""},"mobile":{"background-color":"","background-image":"","background-repeat":"repeat","background-position":"center center","background-size":"auto","background-attachment":"scroll","background-type":"","background-media":"","overlay-type":"","overlay-color":"","overlay-opacity":"","overlay-gradient":""}},"ast-content-background-meta":{"desktop":{"background-color":"var(--ast-global-color-4)","background-image":"","background-repeat":"repeat","background-position":"center center","background-size":"auto","background-attachment":"scroll","background-type":"","background-media":"","overlay-type":"","overlay-color":"","overlay-opacity":"","overlay-gradient":""},"tablet":{"background-color":"var(--ast-global-color-4)","background-image":"","background-repeat":"repeat","background-position":"center center","background-size":"auto","background-attachment":"scroll","background-type":"","background-media":"","overlay-type":"","overlay-color":"","overlay-opacity":"","overlay-gradient":""},"mobile":{"background-color":"var(--ast-global-color-4)","background-image":"","background-repeat":"repeat","background-position":"center center","background-size":"auto","background-attachment":"scroll","background-type":"","background-media":"","overlay-type":"","overlay-color":"","overlay-opacity":"","overlay-gradient":""}},"footnotes":""},"class_list":["post-3","page","type-page","status-publish","hentry"],"_links":{"self":[{"href":"https:\/\/wisebusiness.net\/fr\/wp-json\/wp\/v2\/pages\/3","targetHints":{"allow":["GET"]}}],"collection":[{"href":"https:\/\/wisebusiness.net\/fr\/wp-json\/wp\/v2\/pages"}],"about":[{"href":"https:\/\/wisebusiness.net\/fr\/wp-json\/wp\/v2\/types\/page"}],"author":[{"embeddable":true,"href":"https:\/\/wisebusiness.net\/fr\/wp-json\/wp\/v2\/users\/1"}],"replies":[{"embeddable":true,"href":"https:\/\/wisebusiness.net\/fr\/wp-json\/wp\/v2\/comments?post=3"}],"version-history":[{"count":10,"href":"https:\/\/wisebusiness.net\/fr\/wp-json\/wp\/v2\/pages\/3\/revisions"}],"predecessor-version":[{"id":1038,"href":"https:\/\/wisebusiness.net\/fr\/wp-json\/wp\/v2\/pages\/3\/revisions\/1038"}],"wp:attachment":[{"href":"https:\/\/wisebusiness.net\/fr\/wp-json\/wp\/v2\/media?parent=3"}],"curies":[{"name":"wp","href":"https:\/\/api.w.org\/{rel}","templated":true}]}}