{"id":990,"date":"2025-09-11T23:19:09","date_gmt":"2025-09-11T23:19:09","guid":{"rendered":"https:\/\/wisebusiness.net\/?page_id=990"},"modified":"2025-09-11T23:33:08","modified_gmt":"2025-09-11T23:33:08","slug":"declaracion-de-afiliacion","status":"publish","type":"page","link":"https:\/\/wisebusiness.net\/es\/declaracion-de-afiliacion\/","title":{"rendered":"Declaraci\u00f3n de afiliaci\u00f3n"},"content":{"rendered":"<div data-elementor-type=\"wp-page\" data-elementor-id=\"990\" class=\"elementor elementor-990\">\n\t\t\t\t<div class=\"elementor-element elementor-element-67645e7 e-flex e-con-boxed e-con e-parent\" data-id=\"67645e7\" data-element_type=\"container\" data-e-type=\"container\" data-settings=\"{&quot;background_background&quot;:&quot;classic&quot;}\">\n\t\t\t\t\t<div class=\"e-con-inner\">\n\t\t<div class=\"elementor-element elementor-element-1e1afb7 e-con-full e-flex e-con e-child\" data-id=\"1e1afb7\" data-element_type=\"container\" data-e-type=\"container\">\n\t\t\t\t<div class=\"elementor-element elementor-element-3b43788 elementor-widget elementor-widget-elementskit-heading\" data-id=\"3b43788\" data-element_type=\"widget\" data-e-type=\"widget\" data-widget_type=\"elementskit-heading.default\">\n\t\t\t\t\t<div class=\"ekit-wid-con\" ><div class=\"ekit-heading elementskit-section-title-wraper text_left   ekit_heading_tablet-   ekit_heading_mobile-\"><h1 class=\"ekit-heading--title elementskit-section-title\">Declaraci\u00f3n de afiliaci\u00f3n<span><span>.<\/span><\/span><\/h1><\/div><\/div>\t\t\t\t<\/div>\n\t\t\t\t<\/div>\n\t\t\t\t\t<\/div>\n\t\t\t\t<\/div>\n\t\t<div class=\"elementor-element elementor-element-2ffb7cf4 e-flex e-con-boxed e-con e-parent\" data-id=\"2ffb7cf4\" data-element_type=\"container\" data-e-type=\"container\">\n\t\t\t\t\t<div class=\"e-con-inner\">\n\t\t\t\t<div class=\"elementor-element elementor-element-309e22ec elementor-widget elementor-widget-text-editor\" data-id=\"309e22ec\" data-element_type=\"widget\" data-e-type=\"widget\" data-widget_type=\"text-editor.default\">\n\t\t\t\t\t\t\t\t\t<h1 data-start=\"112\" data-end=\"136\">\u00a0<\/h1>\n<p data-start=\"138\" data-end=\"244\"><strong data-start=\"138\" data-end=\"157\">Fecha de entrada en vigor:<\/strong> 2025\/09\/11<br data-start=\"171\" data-end=\"174\" \/><strong data-start=\"174\" data-end=\"186\">Empresa:<\/strong> WISEBUSINESS IT LTD (\"WiseBusiness\", \"nosotros\", \"nuestro\", \"nos\")<\/p>\n<hr data-start=\"246\" data-end=\"249\" \/>\n<h3 data-start=\"251\" data-end=\"266\">1. Objetivo<\/h3>\n<p data-start=\"267\" data-end=\"492\">Algunos de los contenidos de nuestro sitio web, blog o comunicaciones por correo electr\u00f3nico pueden contener <strong data-start=\"345\" data-end=\"364\">enlaces afiliados<\/strong>. Esto significa que si hace clic en un enlace y realiza una compra, podemos ganar un <strong data-start=\"440\" data-end=\"460\">peque\u00f1a comisi\u00f3n<\/strong> sin coste adicional para usted.<\/p>\n<hr data-start=\"494\" data-end=\"497\" \/>\n<h3 data-start=\"499\" data-end=\"527\">2. Transparencia y confianza<\/h3>\n<ul data-start=\"528\" data-end=\"801\">\n<li data-start=\"528\" data-end=\"636\">\n<p data-start=\"530\" data-end=\"636\">Nosotros <strong data-start=\"533\" data-end=\"579\">promocionar \u00fanicamente productos o servicios en los que confiamos<\/strong> y creemos que aportar\u00e1 valor a nuestros clientes o p\u00fablico.<\/p>\n<\/li>\n<li data-start=\"637\" data-end=\"729\">\n<p data-start=\"639\" data-end=\"729\">Comisiones de afiliaci\u00f3n <strong data-start=\"661\" data-end=\"701\">no influyen en nuestras recomendaciones<\/strong> o los contenidos que creamos.<\/p>\n<\/li>\n<li data-start=\"730\" data-end=\"801\">\n<p data-start=\"732\" data-end=\"801\">Todos los enlaces est\u00e1n claramente marcados cuando existe una relaci\u00f3n de afiliaci\u00f3n.<\/p>\n<\/li>\n<\/ul>\n<hr data-start=\"803\" data-end=\"806\" \/>\n<h3 data-start=\"808\" data-end=\"829\">3. Impacto en usted<\/h3>\n<ul data-start=\"830\" data-end=\"994\">\n<li data-start=\"830\" data-end=\"893\">\n<p data-start=\"832\" data-end=\"893\">El uso de nuestros enlaces de afiliado no <strong data-start=\"863\" data-end=\"890\">no aumentar su precio<\/strong>.<\/p>\n<\/li>\n<li data-start=\"894\" data-end=\"994\">\n<p data-start=\"896\" data-end=\"994\">Su apoyo a trav\u00e9s de los enlaces de afiliaci\u00f3n nos ayuda a <strong data-start=\"942\" data-end=\"991\">mantener y mejorar nuestros contenidos y servicios<\/strong>.<\/p>\n<\/li>\n<\/ul>\n<hr data-start=\"996\" data-end=\"999\" \/>\n<h3 data-start=\"1001\" data-end=\"1021\">4. No Responsabilidad<\/h3>\n<ul data-start=\"1022\" data-end=\"1211\">\n<li data-start=\"1022\" data-end=\"1113\">\n<p data-start=\"1024\" data-end=\"1113\">WiseBusiness es <strong data-start=\"1040\" data-end=\"1110\">no se hace responsable de los productos o servicios de los socios afiliados<\/strong>.<\/p>\n<\/li>\n<li data-start=\"1114\" data-end=\"1211\">\n<p data-start=\"1116\" data-end=\"1211\">Lea las condiciones y pol\u00edticas de privacidad de los sitios web de terceros que visite.<\/p>\n<\/li>\n<\/ul>\n<hr data-start=\"1213\" data-end=\"1216\" \/>\n<h3 data-start=\"1218\" data-end=\"1233\">5. Actualiza<\/h3>\n<p data-start=\"1234\" data-end=\"1352\">Es posible que actualicemos esta Declaraci\u00f3n de afiliaci\u00f3n de vez en cuando. La \u00faltima versi\u00f3n estar\u00e1 siempre disponible en esta p\u00e1gina.<\/p>\n<hr data-start=\"1354\" data-end=\"1357\" \/>\n<p data-start=\"1359\" data-end=\"1466\"><strong data-start=\"1359\" data-end=\"1374\">P\u00f3ngase en contacto con nosotros:<\/strong><br data-start=\"1374\" data-end=\"1377\" \/>\ud83d\udce7 <a class=\"decorated-link cursor-pointer\" rel=\"noopener\" data-start=\"1380\" data-end=\"1402\">legal@wisebusiness.net<\/a><br data-start=\"1402\" data-end=\"1405\" \/>\ud83d\udccd 71-75 Shelton Street, Covent Garden, Londres WC2H 9JQ, Reino Unido<\/p>\t\t\t\t\t\t\t\t<\/div>\n\t\t\t\t\t<\/div>\n\t\t\t\t<\/div>\n\t\t\t\t<\/div>","protected":false},"excerpt":{"rendered":"<p>Affiliate Disclosure. \u00a0 Effective Date: 2025\/09\/11Company: WISEBUSINESS IT LTD (&#8220;WiseBusiness&#8221;, &#8220;we&#8221;, &#8220;our&#8221;, &#8220;us&#8221;) 1. Purpose Some of the content on [&hellip;]<\/p>\n","protected":false},"author":1,"featured_media":0,"parent":0,"menu_order":0,"comment_status":"closed","ping_status":"closed","template":"elementor_header_footer","meta":{"content-type":"","site-sidebar-layout":"default","site-content-layout":"","ast-site-content-layout":"full-width-container","site-content-style":"default","site-sidebar-style":"default","ast-global-header-display":"","ast-banner-title-visibility":"","ast-main-header-display":"","ast-hfb-above-header-display":"","ast-hfb-below-header-display":"","ast-hfb-mobile-header-display":"","site-post-title":"","ast-breadcrumbs-content":"","ast-featured-img":"","footer-sml-layout":"","ast-disable-related-posts":"","theme-transparent-header-meta":"","adv-header-id-meta":"","stick-header-meta":"","header-above-stick-meta":"","header-main-stick-meta":"","header-below-stick-meta":"","astra-migrate-meta-layouts":"default","ast-page-background-enabled":"default","ast-page-background-meta":{"desktop":{"background-color":"var(--ast-global-color-5)","background-image":"","background-repeat":"repeat","background-position":"center center","background-size":"auto","background-attachment":"scroll","background-type":"","background-media":"","overlay-type":"","overlay-color":"","overlay-opacity":"","overlay-gradient":""},"tablet":{"background-color":"","background-image":"","background-repeat":"repeat","background-position":"center center","background-size":"auto","background-attachment":"scroll","background-type":"","background-media":"","overlay-type":"","overlay-color":"","overlay-opacity":"","overlay-gradient":""},"mobile":{"background-color":"","background-image":"","background-repeat":"repeat","background-position":"center center","background-size":"auto","background-attachment":"scroll","background-type":"","background-media":"","overlay-type":"","overlay-color":"","overlay-opacity":"","overlay-gradient":""}},"ast-content-background-meta":{"desktop":{"background-color":"var(--ast-global-color-4)","background-image":"","background-repeat":"repeat","background-position":"center center","background-size":"auto","background-attachment":"scroll","background-type":"","background-media":"","overlay-type":"","overlay-color":"","overlay-opacity":"","overlay-gradient":""},"tablet":{"background-color":"var(--ast-global-color-4)","background-image":"","background-repeat":"repeat","background-position":"center center","background-size":"auto","background-attachment":"scroll","background-type":"","background-media":"","overlay-type":"","overlay-color":"","overlay-opacity":"","overlay-gradient":""},"mobile":{"background-color":"var(--ast-global-color-4)","background-image":"","background-repeat":"repeat","background-position":"center center","background-size":"auto","background-attachment":"scroll","background-type":"","background-media":"","overlay-type":"","overlay-color":"","overlay-opacity":"","overlay-gradient":""}},"footnotes":""},"class_list":["post-990","page","type-page","status-publish","hentry"],"_links":{"self":[{"href":"https:\/\/wisebusiness.net\/es\/wp-json\/wp\/v2\/pages\/990","targetHints":{"allow":["GET"]}}],"collection":[{"href":"https:\/\/wisebusiness.net\/es\/wp-json\/wp\/v2\/pages"}],"about":[{"href":"https:\/\/wisebusiness.net\/es\/wp-json\/wp\/v2\/types\/page"}],"author":[{"embeddable":true,"href":"https:\/\/wisebusiness.net\/es\/wp-json\/wp\/v2\/users\/1"}],"replies":[{"embeddable":true,"href":"https:\/\/wisebusiness.net\/es\/wp-json\/wp\/v2\/comments?post=990"}],"version-history":[{"count":8,"href":"https:\/\/wisebusiness.net\/es\/wp-json\/wp\/v2\/pages\/990\/revisions"}],"predecessor-version":[{"id":1065,"href":"https:\/\/wisebusiness.net\/es\/wp-json\/wp\/v2\/pages\/990\/revisions\/1065"}],"wp:attachment":[{"href":"https:\/\/wisebusiness.net\/es\/wp-json\/wp\/v2\/media?parent=990"}],"curies":[{"name":"wp","href":"https:\/\/api.w.org\/{rel}","templated":true}]}}