{"id":978,"date":"2025-09-11T22:48:40","date_gmt":"2025-09-11T22:48:40","guid":{"rendered":"https:\/\/wisebusiness.net\/?page_id=978"},"modified":"2025-09-11T23:26:25","modified_gmt":"2025-09-11T23:26:25","slug":"politica-de-cookies","status":"publish","type":"page","link":"https:\/\/wisebusiness.net\/es\/politica-de-cookies\/","title":{"rendered":"Pol\u00edtica de cookies"},"content":{"rendered":"<div data-elementor-type=\"wp-page\" data-elementor-id=\"978\" class=\"elementor elementor-978\">\n\t\t\t\t<div class=\"elementor-element elementor-element-ce56c66 e-flex e-con-boxed e-con e-parent\" data-id=\"ce56c66\" data-element_type=\"container\" data-e-type=\"container\" data-settings=\"{&quot;background_background&quot;:&quot;classic&quot;}\">\n\t\t\t\t\t<div class=\"e-con-inner\">\n\t\t<div class=\"elementor-element elementor-element-a60110c e-con-full e-flex e-con e-child\" data-id=\"a60110c\" data-element_type=\"container\" data-e-type=\"container\">\n\t\t\t\t<div class=\"elementor-element elementor-element-2df38a8 elementor-widget elementor-widget-elementskit-heading\" data-id=\"2df38a8\" data-element_type=\"widget\" data-e-type=\"widget\" data-widget_type=\"elementskit-heading.default\">\n\t\t\t\t\t<div class=\"ekit-wid-con\" ><div class=\"ekit-heading elementskit-section-title-wraper text_left   ekit_heading_tablet-   ekit_heading_mobile-\"><h1 class=\"ekit-heading--title elementskit-section-title\">Pol\u00edtica de cookies<span><span>.<\/span><\/span><\/h1><\/div><\/div>\t\t\t\t<\/div>\n\t\t\t\t<\/div>\n\t\t\t\t\t<\/div>\n\t\t\t\t<\/div>\n\t\t<div class=\"elementor-element elementor-element-596e5907 e-flex e-con-boxed e-con e-parent\" data-id=\"596e5907\" data-element_type=\"container\" data-e-type=\"container\">\n\t\t\t\t\t<div class=\"e-con-inner\">\n\t\t\t\t<div class=\"elementor-element elementor-element-1a2c70e5 elementor-widget elementor-widget-text-editor\" data-id=\"1a2c70e5\" data-element_type=\"widget\" data-e-type=\"widget\" data-widget_type=\"text-editor.default\">\n\t\t\t\t\t\t\t\t\t<p data-start=\"275\" data-end=\"306\">\u00a0<\/p>\n<p data-start=\"275\" data-end=\"306\"><strong data-start=\"275\" data-end=\"306\">\u00daltima actualizaci\u00f3n: 2025\/09\/11<\/strong><\/p>\n<p data-start=\"308\" data-end=\"468\">Esta Pol\u00edtica de cookies explica c\u00f3mo <strong data-start=\"340\" data-end=\"363\">WISEBUSINESS IT LTD<\/strong> (\"nosotros\", \"nuestro\", \"nos\") utiliza cookies y tecnolog\u00edas similares en nuestro sitio web <strong data-start=\"437\" data-end=\"465\"><a class=\"decorated-link\" href=\"https:\/\/wisebusiness.net\/es\/\" target=\"_new\" rel=\"noopener\" data-start=\"439\" data-end=\"463\">https:\/\/wisebusiness.net<\/a><\/strong>.<\/p>\n<p data-start=\"470\" data-end=\"628\">Al utilizar nuestro sitio web, usted acepta el uso de cookies de acuerdo con esta pol\u00edtica, a menos que las desactive a trav\u00e9s de su navegador o de nuestra herramienta de consentimiento de cookies.<\/p>\n<hr data-start=\"630\" data-end=\"633\" \/>\n<h3 data-start=\"635\" data-end=\"660\">1. \u00bfQu\u00e9 son las cookies?<\/h3>\n<p data-start=\"661\" data-end=\"753\">Las cookies son peque\u00f1os archivos de texto que se almacenan en su dispositivo cuando visita un sitio web. Nos ayudan a:<\/p>\n<ul data-start=\"754\" data-end=\"889\">\n<li data-start=\"754\" data-end=\"783\">\n<p data-start=\"756\" data-end=\"783\">Recuerda tus preferencias<\/p>\n<\/li>\n<li data-start=\"784\" data-end=\"817\">\n<p data-start=\"786\" data-end=\"817\">Mejorar la funcionalidad del sitio web<\/p>\n<\/li>\n<li data-start=\"818\" data-end=\"846\">\n<p data-start=\"820\" data-end=\"846\">Analizar el comportamiento de los visitantes<\/p>\n<\/li>\n<li data-start=\"847\" data-end=\"889\">\n<p data-start=\"849\" data-end=\"889\">Anuncios y marketing personalizados<\/p>\n<\/li>\n<\/ul>\n<hr data-start=\"891\" data-end=\"894\" \/>\n<h3 data-start=\"896\" data-end=\"927\">2. Tipos de cookies que utilizamos<\/h3>\n<p data-start=\"928\" data-end=\"973\">Utilizamos las siguientes categor\u00edas de cookies:<\/p>\n<ol data-start=\"975\" data-end=\"1530\">\n<li data-start=\"975\" data-end=\"1103\">\n<p data-start=\"978\" data-end=\"1001\"><strong data-start=\"978\" data-end=\"999\">Galletas esenciales<\/strong><\/p>\n<ul data-start=\"1005\" data-end=\"1103\">\n<li data-start=\"1005\" data-end=\"1076\">\n<p data-start=\"1007\" data-end=\"1076\">Necesarios para el funcionamiento del sitio web (por ejemplo, seguridad, formularios de acceso).<\/p>\n<\/li>\n<li data-start=\"1080\" data-end=\"1103\">\n<p data-start=\"1082\" data-end=\"1103\">No se puede desactivar.<\/p>\n<\/li>\n<\/ul>\n<\/li>\n<li data-start=\"1105\" data-end=\"1277\">\n<p data-start=\"1108\" data-end=\"1145\"><strong data-start=\"1108\" data-end=\"1143\">Cookies anal\u00edticas y de rendimiento<\/strong><\/p>\n<ul data-start=\"1149\" data-end=\"1277\">\n<li data-start=\"1149\" data-end=\"1199\">\n<p data-start=\"1151\" data-end=\"1199\">Herramientas: <strong data-start=\"1158\" data-end=\"1197\">Google Analytics, HubSpot Analytics<\/strong><\/p>\n<\/li>\n<li data-start=\"1203\" data-end=\"1277\">\n<p data-start=\"1205\" data-end=\"1277\">Rastrear el uso, el tr\u00e1fico y el rendimiento del sitio para mejorar la experiencia del usuario.<\/p>\n<\/li>\n<\/ul>\n<\/li>\n<li data-start=\"1279\" data-end=\"1447\">\n<p data-start=\"1282\" data-end=\"1319\"><strong data-start=\"1282\" data-end=\"1317\">Cookies de marketing y publicidad<\/strong><\/p>\n<ul data-start=\"1323\" data-end=\"1447\">\n<li data-start=\"1323\" data-end=\"1376\">\n<p data-start=\"1325\" data-end=\"1376\">Herramientas: <strong data-start=\"1332\" data-end=\"1374\">Facebook Pixel, Google Ads Remarketing<\/strong><\/p>\n<\/li>\n<li data-start=\"1380\" data-end=\"1447\">\n<p data-start=\"1382\" data-end=\"1447\">Ofrezca anuncios relevantes, realice un seguimiento de las conversiones y reoriente a los visitantes.<\/p>\n<\/li>\n<\/ul>\n<\/li>\n<li data-start=\"1449\" data-end=\"1530\">\n<p data-start=\"1452\" data-end=\"1476\"><strong data-start=\"1452\" data-end=\"1474\">Cookies de preferencias<\/strong><\/p>\n<ul data-start=\"1480\" data-end=\"1530\">\n<li data-start=\"1480\" data-end=\"1530\">\n<p data-start=\"1482\" data-end=\"1530\">Almacena los ajustes del usuario, como el idioma o la ubicaci\u00f3n.<\/p>\n<\/li>\n<\/ul>\n<\/li>\n<\/ol>\n<hr data-start=\"1532\" data-end=\"1535\" \/>\n<h3 data-start=\"1537\" data-end=\"1564\">3. Cookies de terceros<\/h3>\n<p data-start=\"1565\" data-end=\"1779\">Podemos permitir que servicios de terceros (Google, Meta\/Facebook, HubSpot, etc.) coloquen cookies en su dispositivo con fines anal\u00edticos y publicitarios. Estos terceros pueden recopilar y procesar datos fuera del Reino Unido\/UE.<\/p>\n<hr data-start=\"1781\" data-end=\"1784\" \/>\n<h3 data-start=\"1786\" data-end=\"1808\">4. Consentimiento de cookies<\/h3>\n<p data-start=\"1809\" data-end=\"1910\">Cuando visite nuestro sitio web por primera vez, ver\u00e1 un <strong data-start=\"1858\" data-end=\"1888\">banner de cookies\/herramienta de consentimiento<\/strong> que te permite:<\/p>\n<ul data-start=\"1911\" data-end=\"2004\">\n<li data-start=\"1911\" data-end=\"1933\">\n<p data-start=\"1913\" data-end=\"1933\">Aceptar todas las cookies<\/p>\n<\/li>\n<li data-start=\"1934\" data-end=\"1966\">\n<p data-start=\"1936\" data-end=\"1966\">Rechazar cookies no esenciales<\/p>\n<\/li>\n<li data-start=\"1967\" data-end=\"2004\">\n<p data-start=\"1969\" data-end=\"2004\">Personalice sus preferencias de cookies<\/p>\n<\/li>\n<\/ul>\n<p data-start=\"2006\" data-end=\"2101\">Puede cambiar o retirar su consentimiento en cualquier momento a trav\u00e9s de la p\u00e1gina <strong data-start=\"2057\" data-end=\"2078\">\"Configuraci\u00f3n de cookies\"<\/strong> enlace en nuestro sitio web.<\/p>\n<hr data-start=\"2103\" data-end=\"2106\" \/>\n<h3 data-start=\"2108\" data-end=\"2144\">5. Gesti\u00f3n y desactivaci\u00f3n de cookies<\/h3>\n<p data-start=\"2145\" data-end=\"2292\">Puede controlar o eliminar las cookies en cualquier momento a trav\u00e9s de la configuraci\u00f3n de su navegador. Sin embargo, desactivar determinadas cookies puede afectar a la funcionalidad del sitio web.<\/p>\n<p data-start=\"2294\" data-end=\"2309\">A modo de orientaci\u00f3n:<\/p>\n<ul data-start=\"2310\" data-end=\"2630\">\n<li data-start=\"2310\" data-end=\"2377\">\n<p data-start=\"2312\" data-end=\"2377\"><a class=\"decorated-link cursor-pointer\" target=\"_new\" rel=\"noopener\" data-start=\"2312\" data-end=\"2375\">Google Chrome<\/a><\/p>\n<\/li>\n<li data-start=\"2378\" data-end=\"2476\">\n<p data-start=\"2380\" data-end=\"2476\"><a class=\"decorated-link cursor-pointer\" target=\"_new\" rel=\"noopener\" data-start=\"2380\" data-end=\"2474\">Firefox<\/a><\/p>\n<\/li>\n<li data-start=\"2477\" data-end=\"2575\">\n<p data-start=\"2479\" data-end=\"2575\"><a class=\"decorated-link cursor-pointer\" target=\"_new\" rel=\"noopener\" data-start=\"2479\" data-end=\"2573\">Safari<\/a><\/p>\n<\/li>\n<li data-start=\"2576\" data-end=\"2630\">\n<p data-start=\"2578\" data-end=\"2630\"><a class=\"decorated-link cursor-pointer\" target=\"_new\" rel=\"noopener\" data-start=\"2578\" data-end=\"2628\">Borde<\/a><\/p>\n<\/li>\n<\/ul>\n<hr data-start=\"2632\" data-end=\"2635\" \/>\n<h3 data-start=\"2637\" data-end=\"2663\">6. Derechos CCPA y GDPR<\/h3>\n<ul data-start=\"2664\" data-end=\"2913\">\n<li data-start=\"2664\" data-end=\"2797\">\n<p data-start=\"2666\" data-end=\"2797\"><strong data-start=\"2666\" data-end=\"2689\">Usuarios de la UE\/Reino Unido (GDPR):<\/strong> Puede solicitar el acceso, la rectificaci\u00f3n, la supresi\u00f3n o la restricci\u00f3n de sus datos personales tratados mediante cookies.<\/p>\n<\/li>\n<li data-start=\"2798\" data-end=\"2913\">\n<p data-start=\"2800\" data-end=\"2913\"><strong data-start=\"2800\" data-end=\"2833\">Usuarios de California (CCPA\/CPRA):<\/strong> Tiene derecho a rechazar el uso de cookies para publicidad dirigida.<\/p>\n<\/li>\n<\/ul>\n<p data-start=\"2915\" data-end=\"2975\">Lo hacemos <strong data-start=\"2921\" data-end=\"2955\">no vender ni alquilar datos personales<\/strong> a terceros.<\/p>\n<hr data-start=\"2977\" data-end=\"2980\" \/>\n<h3 data-start=\"2982\" data-end=\"3012\">7. Actualizaciones de esta pol\u00edtica<\/h3>\n<p data-start=\"3013\" data-end=\"3134\">Podemos actualizar esta Pol\u00edtica de Cookies de vez en cuando. Las actualizaciones se publicar\u00e1n en esta p\u00e1gina con una nueva fecha de \"\u00daltima actualizaci\u00f3n\".<\/p>\n<hr data-start=\"3136\" data-end=\"3139\" \/>\n<h3 data-start=\"3141\" data-end=\"3159\">8. Contacto<\/h3>\n<p data-start=\"3160\" data-end=\"3224\">Si tiene alguna pregunta sobre el uso que hacemos de las cookies, p\u00f3ngase en contacto con nosotros:<\/p>\n<p data-start=\"3226\" data-end=\"3354\">\ud83d\udce7 <strong data-start=\"3229\" data-end=\"3255\"><a class=\"decorated-link cursor-pointer\" rel=\"noopener\" data-start=\"3231\" data-end=\"3253\">legal@wisebusiness.net<\/a><\/strong><br data-start=\"3255\" data-end=\"3258\" \/>\ud83d\udccd WISEBUSINESS IT LTD<br data-start=\"3280\" data-end=\"3283\" \/>71-75 Shelton Street, Covent Garden, Londres, WC2H 9JQ, Reino Unido<\/p>\n<hr data-start=\"3356\" data-end=\"3359\" \/>\n<p data-start=\"3361\" data-end=\"3488\">\u00a0<\/p>\t\t\t\t\t\t\t\t<\/div>\n\t\t\t\t\t<\/div>\n\t\t\t\t<\/div>\n\t\t\t\t<\/div>","protected":false},"excerpt":{"rendered":"<p>Cookie Policy. \u00a0 Last Updated: 2025\/09\/11 This Cookie Policy explains how WISEBUSINESS IT LTD (\u201cwe,\u201d \u201cour,\u201d \u201cus\u201d) uses cookies and [&hellip;]<\/p>\n","protected":false},"author":1,"featured_media":0,"parent":0,"menu_order":0,"comment_status":"closed","ping_status":"closed","template":"elementor_header_footer","meta":{"content-type":"","site-sidebar-layout":"default","site-content-layout":"","ast-site-content-layout":"full-width-container","site-content-style":"default","site-sidebar-style":"default","ast-global-header-display":"","ast-banner-title-visibility":"","ast-main-header-display":"","ast-hfb-above-header-display":"","ast-hfb-below-header-display":"","ast-hfb-mobile-header-display":"","site-post-title":"","ast-breadcrumbs-content":"","ast-featured-img":"","footer-sml-layout":"","ast-disable-related-posts":"","theme-transparent-header-meta":"","adv-header-id-meta":"","stick-header-meta":"","header-above-stick-meta":"","header-main-stick-meta":"","header-below-stick-meta":"","astra-migrate-meta-layouts":"default","ast-page-background-enabled":"default","ast-page-background-meta":{"desktop":{"background-color":"var(--ast-global-color-5)","background-image":"","background-repeat":"repeat","background-position":"center center","background-size":"auto","background-attachment":"scroll","background-type":"","background-media":"","overlay-type":"","overlay-color":"","overlay-opacity":"","overlay-gradient":""},"tablet":{"background-color":"","background-image":"","background-repeat":"repeat","background-position":"center center","background-size":"auto","background-attachment":"scroll","background-type":"","background-media":"","overlay-type":"","overlay-color":"","overlay-opacity":"","overlay-gradient":""},"mobile":{"background-color":"","background-image":"","background-repeat":"repeat","background-position":"center center","background-size":"auto","background-attachment":"scroll","background-type":"","background-media":"","overlay-type":"","overlay-color":"","overlay-opacity":"","overlay-gradient":""}},"ast-content-background-meta":{"desktop":{"background-color":"var(--ast-global-color-4)","background-image":"","background-repeat":"repeat","background-position":"center center","background-size":"auto","background-attachment":"scroll","background-type":"","background-media":"","overlay-type":"","overlay-color":"","overlay-opacity":"","overlay-gradient":""},"tablet":{"background-color":"var(--ast-global-color-4)","background-image":"","background-repeat":"repeat","background-position":"center center","background-size":"auto","background-attachment":"scroll","background-type":"","background-media":"","overlay-type":"","overlay-color":"","overlay-opacity":"","overlay-gradient":""},"mobile":{"background-color":"var(--ast-global-color-4)","background-image":"","background-repeat":"repeat","background-position":"center center","background-size":"auto","background-attachment":"scroll","background-type":"","background-media":"","overlay-type":"","overlay-color":"","overlay-opacity":"","overlay-gradient":""}},"footnotes":""},"class_list":["post-978","page","type-page","status-publish","hentry"],"_links":{"self":[{"href":"https:\/\/wisebusiness.net\/es\/wp-json\/wp\/v2\/pages\/978","targetHints":{"allow":["GET"]}}],"collection":[{"href":"https:\/\/wisebusiness.net\/es\/wp-json\/wp\/v2\/pages"}],"about":[{"href":"https:\/\/wisebusiness.net\/es\/wp-json\/wp\/v2\/types\/page"}],"author":[{"embeddable":true,"href":"https:\/\/wisebusiness.net\/es\/wp-json\/wp\/v2\/users\/1"}],"replies":[{"embeddable":true,"href":"https:\/\/wisebusiness.net\/es\/wp-json\/wp\/v2\/comments?post=978"}],"version-history":[{"count":7,"href":"https:\/\/wisebusiness.net\/es\/wp-json\/wp\/v2\/pages\/978\/revisions"}],"predecessor-version":[{"id":1044,"href":"https:\/\/wisebusiness.net\/es\/wp-json\/wp\/v2\/pages\/978\/revisions\/1044"}],"wp:attachment":[{"href":"https:\/\/wisebusiness.net\/es\/wp-json\/wp\/v2\/media?parent=978"}],"curies":[{"name":"wp","href":"https:\/\/api.w.org\/{rel}","templated":true}]}}