{"id":3,"date":"2025-07-21T13:28:46","date_gmt":"2025-07-21T13:28:46","guid":{"rendered":"https:\/\/wisebusiness.net\/?page_id=3"},"modified":"2025-09-11T23:24:08","modified_gmt":"2025-09-11T23:24:08","slug":"politica-de-privacidad","status":"publish","type":"page","link":"https:\/\/wisebusiness.net\/es\/politica-de-privacidad\/","title":{"rendered":"Pol\u00edtica de privacidad"},"content":{"rendered":"<div data-elementor-type=\"wp-page\" data-elementor-id=\"3\" class=\"elementor elementor-3\">\n\t\t\t\t<div class=\"elementor-element elementor-element-3825561 e-flex e-con-boxed e-con e-parent\" data-id=\"3825561\" data-element_type=\"container\" data-e-type=\"container\" data-settings=\"{&quot;background_background&quot;:&quot;classic&quot;}\">\n\t\t\t\t\t<div class=\"e-con-inner\">\n\t\t<div class=\"elementor-element elementor-element-be389a6 e-con-full e-flex e-con e-child\" data-id=\"be389a6\" data-element_type=\"container\" data-e-type=\"container\">\n\t\t\t\t<div class=\"elementor-element elementor-element-d55e1ca elementor-widget elementor-widget-elementskit-heading\" data-id=\"d55e1ca\" data-element_type=\"widget\" data-e-type=\"widget\" data-widget_type=\"elementskit-heading.default\">\n\t\t\t\t\t<div class=\"ekit-wid-con\" ><div class=\"ekit-heading elementskit-section-title-wraper text_left   ekit_heading_tablet-   ekit_heading_mobile-\"><h1 class=\"ekit-heading--title elementskit-section-title\">Pol\u00edtica de privacidad<span><span>.<\/span><\/span><\/h1><\/div><\/div>\t\t\t\t<\/div>\n\t\t\t\t<\/div>\n\t\t\t\t\t<\/div>\n\t\t\t\t<\/div>\n\t\t<div class=\"elementor-element elementor-element-12b3601e e-flex e-con-boxed e-con e-parent\" data-id=\"12b3601e\" data-element_type=\"container\" data-e-type=\"container\">\n\t\t\t\t\t<div class=\"e-con-inner\">\n\t\t\t\t<div class=\"elementor-element elementor-element-638ebac1 elementor-widget elementor-widget-text-editor\" data-id=\"638ebac1\" data-element_type=\"widget\" data-e-type=\"widget\" data-widget_type=\"text-editor.default\">\n\t\t\t\t\t\t\t\t\t<h2 data-start=\"214\" data-end=\"235\">\u00a0<\/h2><p data-start=\"236\" data-end=\"269\"><strong data-start=\"236\" data-end=\"267\">\u00daltima actualizaci\u00f3n: 2025\/09\/11<\/strong><\/p><p data-start=\"271\" data-end=\"580\">WISEBUSINESS IT LTD (\"nosotros\", \"nuestro\", \"nos\") respeta su privacidad y se compromete a proteger los datos personales de nuestros clientes, socios y visitantes del sitio web. Esta Pol\u00edtica de Privacidad explica c\u00f3mo recogemos, utilizamos y protegemos sus datos personales cuando interact\u00faa con nuestro sitio web, servicios y comunicaciones.<\/p><hr data-start=\"582\" data-end=\"585\" \/><h3 data-start=\"587\" data-end=\"605\">1. Qui\u00e9nes somos<\/h3><ul data-start=\"606\" data-end=\"791\"><li data-start=\"606\" data-end=\"647\"><p data-start=\"608\" data-end=\"647\"><strong data-start=\"608\" data-end=\"625\">Nombre de la empresa:<\/strong> WISEBUSINESS IT LTD<\/p><\/li><li data-start=\"648\" data-end=\"745\"><p data-start=\"650\" data-end=\"745\"><strong data-start=\"650\" data-end=\"673\">Domicilio social:<\/strong> 71-75 Shelton Street, Covent Garden, Londres, WC2H 9JQ, Reino Unido<\/p><\/li><li data-start=\"746\" data-end=\"791\"><p data-start=\"748\" data-end=\"791\"><strong data-start=\"748\" data-end=\"766\">Contacto jur\u00eddico:<\/strong> <a class=\"decorated-link cursor-pointer\" rel=\"noopener\" data-start=\"767\" data-end=\"789\">legal@wisebusiness.net<\/a><\/p><\/li><\/ul><p data-start=\"793\" data-end=\"886\">Operamos en todo el mundo, con presencia en el Reino Unido y Marruecos, y atendemos a clientes internacionales.<\/p><hr data-start=\"888\" data-end=\"891\" \/><h3 data-start=\"893\" data-end=\"921\">2. Qu\u00e9 datos recogemos<\/h3><p data-start=\"922\" data-end=\"967\">Podemos recopilar los siguientes tipos de datos:<\/p><ul data-start=\"968\" data-end=\"1359\"><li data-start=\"968\" data-end=\"1032\"><p data-start=\"970\" data-end=\"1032\"><strong data-start=\"970\" data-end=\"995\">Identificadores personales:<\/strong> Nombre, direcci\u00f3n de correo electr\u00f3nico y n\u00famero de tel\u00e9fono.<\/p><\/li><li data-start=\"1033\" data-end=\"1111\"><p data-start=\"1035\" data-end=\"1111\"><strong data-start=\"1035\" data-end=\"1060\">Informaci\u00f3n comercial:<\/strong> Nombre de la empresa, sector y preferencias de servicio.<\/p><\/li><li data-start=\"1112\" data-end=\"1181\"><p data-start=\"1114\" data-end=\"1181\"><strong data-start=\"1114\" data-end=\"1133\">Datos t\u00e9cnicos:<\/strong> Direcci\u00f3n IP, tipo de navegador, informaci\u00f3n del dispositivo.<\/p><\/li><li data-start=\"1182\" data-end=\"1268\"><p data-start=\"1184\" data-end=\"1268\"><strong data-start=\"1184\" data-end=\"1199\">Datos de uso:<\/strong> P\u00e1ginas visitadas, tiempo empleado, rutas de navegaci\u00f3n (a trav\u00e9s de herramientas de an\u00e1lisis).<\/p><\/li><li data-start=\"1269\" data-end=\"1359\"><p data-start=\"1271\" data-end=\"1359\"><strong data-start=\"1271\" data-end=\"1294\">Cookies y seguimiento:<\/strong> Cookies de sesi\u00f3n, preferencias, an\u00e1lisis y p\u00edxeles de marketing.<\/p><\/li><\/ul><hr data-start=\"1361\" data-end=\"1364\" \/><h3 data-start=\"1366\" data-end=\"1393\">3. C\u00f3mo recopilamos los datos<\/h3><ul data-start=\"1394\" data-end=\"1723\"><li data-start=\"1394\" data-end=\"1460\"><p data-start=\"1396\" data-end=\"1460\">Cuando <strong data-start=\"1405\" data-end=\"1431\">rellenar formularios de contacto<\/strong> o solicite una consulta.<\/p><\/li><li data-start=\"1461\" data-end=\"1525\"><p data-start=\"1463\" data-end=\"1525\">Cuando <strong data-start=\"1472\" data-end=\"1500\">suscribirse a boletines<\/strong> o descargar recursos.<\/p><\/li><li data-start=\"1526\" data-end=\"1592\"><p data-start=\"1528\" data-end=\"1592\">A trav\u00e9s de <strong data-start=\"1536\" data-end=\"1555\">herramientas de an\u00e1lisis<\/strong> como Google Analytics y HubSpot.<\/p><\/li><li data-start=\"1593\" data-end=\"1651\"><p data-start=\"1595\" data-end=\"1651\">A trav\u00e9s de <strong data-start=\"1603\" data-end=\"1625\">p\u00edxeles publicitarios<\/strong> como el p\u00edxel de Facebook.<\/p><\/li><li data-start=\"1652\" data-end=\"1723\"><p data-start=\"1654\" data-end=\"1723\">Cuando se comunica con nosotros a trav\u00e9s de <strong data-start=\"1687\" data-end=\"1720\">correo electr\u00f3nico, tel\u00e9fono o redes sociales<\/strong>.<\/p><\/li><\/ul><hr data-start=\"1725\" data-end=\"1728\" \/><h3 data-start=\"1730\" data-end=\"1758\">4. C\u00f3mo utilizamos sus datos<\/h3><p data-start=\"1759\" data-end=\"1785\">Utilizamos los datos personales para:<\/p><ul data-start=\"1786\" data-end=\"2142\"><li data-start=\"1786\" data-end=\"1841\"><p data-start=\"1788\" data-end=\"1841\">Proporcionar y prestar nuestros servicios de marketing y web.<\/p><\/li><li data-start=\"1842\" data-end=\"1895\"><p data-start=\"1844\" data-end=\"1895\">Responder a consultas, solicitudes o necesidades de apoyo.<\/p><\/li><li data-start=\"1896\" data-end=\"1948\"><p data-start=\"1898\" data-end=\"1948\">Mejorar el rendimiento del sitio web y la experiencia del usuario.<\/p><\/li><li data-start=\"1949\" data-end=\"2004\"><p data-start=\"1951\" data-end=\"2004\">Realice an\u00e1lisis para optimizar campa\u00f1as y estrategias.<\/p><\/li><li data-start=\"2005\" data-end=\"2074\"><p data-start=\"2007\" data-end=\"2074\">Enviar boletines, actualizaciones y comunicaciones de marketing pertinentes.<\/p><\/li><li data-start=\"2075\" data-end=\"2142\"><p data-start=\"2077\" data-end=\"2142\">Garantizar el cumplimiento de las obligaciones legales, fiscales y contractuales.<\/p><\/li><\/ul><p data-start=\"2144\" data-end=\"2238\">Nosotros <strong data-start=\"2147\" data-end=\"2178\">no venda, alquile ni comparta<\/strong> datos personales con terceros con fines comerciales.<\/p><hr data-start=\"2240\" data-end=\"2243\" \/><h3 data-start=\"2245\" data-end=\"2281\">5. Transferencias internacionales de datos<\/h3><p data-start=\"2282\" data-end=\"2513\">Dado que prestamos servicios a clientes de todo el mundo, sus datos pueden ser procesados fuera del Reino Unido\/UE (por ejemplo, en servidores de Estados Unidos u otras jurisdicciones). Nos aseguramos de que dichas transferencias cumplan <strong data-start=\"2452\" data-end=\"2471\">Salvaguardias del RGPD<\/strong> (como las cl\u00e1usulas contractuales tipo).<\/p><hr data-start=\"2515\" data-end=\"2518\" \/><h3 data-start=\"2520\" data-end=\"2542\">6. Conservaci\u00f3n de datos<\/h3><p data-start=\"2543\" data-end=\"2697\">Conservamos los datos personales <strong data-start=\"2567\" data-end=\"2610\">hasta que finalice el contrato con el cliente<\/strong>salvo que la ley disponga lo contrario. Puede solicitar su supresi\u00f3n anticipada (v\u00e9ase la secci\u00f3n 9).<\/p><hr data-start=\"2699\" data-end=\"2702\" \/><h3 data-start=\"2704\" data-end=\"2745\">7. Base jur\u00eddica para el tratamiento (GDPR)<\/h3><p data-start=\"2746\" data-end=\"2790\">Tratamos los datos con arreglo a las siguientes bases:<\/p><ul data-start=\"2791\" data-end=\"3067\"><li data-start=\"2791\" data-end=\"2858\"><p data-start=\"2793\" data-end=\"2858\"><strong data-start=\"2793\" data-end=\"2804\">Consentimiento<\/strong> (cuando se suscribe a boletines informativos o acepta cookies).<\/p><\/li><li data-start=\"2859\" data-end=\"2916\"><p data-start=\"2861\" data-end=\"2916\"><strong data-start=\"2861\" data-end=\"2873\">Contrato<\/strong> (al prestarle servicios de agencia).<\/p><\/li><li data-start=\"2917\" data-end=\"3007\"><p data-start=\"2919\" data-end=\"3007\"><strong data-start=\"2919\" data-end=\"2942\">Inter\u00e9s leg\u00edtimo<\/strong> (desarrollo empresarial, prevenci\u00f3n del fraude, mejora del sitio web).<\/p><\/li><li data-start=\"3008\" data-end=\"3067\"><p data-start=\"3010\" data-end=\"3067\"><strong data-start=\"3010\" data-end=\"3030\">Obligaci\u00f3n legal<\/strong> (requisitos fiscales y reglamentarios).<\/p><\/li><\/ul><hr data-start=\"3069\" data-end=\"3072\" \/><h3 data-start=\"3074\" data-end=\"3100\">8. Cookies y seguimiento<\/h3><p data-start=\"3101\" data-end=\"3120\">Nuestro sitio web utiliza:<\/p><ul data-start=\"3121\" data-end=\"3364\"><li data-start=\"3121\" data-end=\"3184\"><p data-start=\"3123\" data-end=\"3184\"><strong data-start=\"3123\" data-end=\"3144\">Galletas esenciales<\/strong> - necesarios para el funcionamiento del sitio web.<\/p><\/li><li data-start=\"3185\" data-end=\"3239\"><p data-start=\"3187\" data-end=\"3239\"><strong data-start=\"3187\" data-end=\"3208\">Cookies anal\u00edticas<\/strong> - Google Analytics, HubSpot.<\/p><\/li><li data-start=\"3240\" data-end=\"3301\"><p data-start=\"3242\" data-end=\"3301\"><strong data-start=\"3242\" data-end=\"3263\">Cookies de marketing<\/strong> - P\u00edxel de Facebook, etiquetas de remarketing.<\/p><\/li><li data-start=\"3302\" data-end=\"3364\"><p data-start=\"3304\" data-end=\"3364\"><strong data-start=\"3304\" data-end=\"3326\">Cookies de preferencia<\/strong> - para recordar ajustes y opciones.<\/p><\/li><\/ul><p data-start=\"3366\" data-end=\"3483\">Puede gestionar las preferencias de cookies a trav\u00e9s de nuestro banner de cookies o de la configuraci\u00f3n del navegador. Consulte nuestra <strong data-start=\"3451\" data-end=\"3468\">Pol\u00edtica de cookies<\/strong> para m\u00e1s detalles.<\/p><hr data-start=\"3485\" data-end=\"3488\" \/><h3 data-start=\"3490\" data-end=\"3523\">9. Sus derechos (GDPR y CCPA)<\/h3><p data-start=\"3524\" data-end=\"3548\">Tienes derecho a:<\/p><ul data-start=\"3549\" data-end=\"3839\"><li data-start=\"3549\" data-end=\"3581\"><p data-start=\"3551\" data-end=\"3581\">Solicite acceso a sus datos.<\/p><\/li><li data-start=\"3582\" data-end=\"3617\"><p data-start=\"3584\" data-end=\"3617\">Solicitar la rectificaci\u00f3n o supresi\u00f3n.<\/p><\/li><li data-start=\"3618\" data-end=\"3647\"><p data-start=\"3620\" data-end=\"3647\">Solicitar la portabilidad de los datos.<\/p><\/li><li data-start=\"3648\" data-end=\"3699\"><p data-start=\"3650\" data-end=\"3699\">Oponerse a determinados tratamientos (por ejemplo, marketing).<\/p><\/li><li data-start=\"3700\" data-end=\"3733\"><p data-start=\"3702\" data-end=\"3733\">Retirar el consentimiento en cualquier momento.<\/p><\/li><li data-start=\"3734\" data-end=\"3839\"><p data-start=\"3736\" data-end=\"3839\">Para los residentes en California: exclusi\u00f3n voluntaria de cualquier \"venta de datos\" (no vendemos datos, pero respetamos los derechos de la CCPA).<\/p><\/li><\/ul><p data-start=\"3841\" data-end=\"3908\">Para ejercer sus derechos, env\u00edenos un correo electr\u00f3nico a <strong data-start=\"3879\" data-end=\"3905\"><a class=\"decorated-link cursor-pointer\" rel=\"noopener\" data-start=\"3881\" data-end=\"3903\">legal@wisebusiness.net<\/a><\/strong>.<\/p><hr data-start=\"3910\" data-end=\"3913\" \/><h3 data-start=\"3915\" data-end=\"3937\">10. Seguridad de los datos<\/h3><p data-start=\"3938\" data-end=\"4102\">Utilizamos medidas t\u00e9cnicas y organizativas para proteger sus datos, como el cifrado, el alojamiento seguro y el acceso restringido. Sin embargo, ning\u00fan sistema es 100% seguro.<\/p><hr data-start=\"4104\" data-end=\"4107\" \/><h3 data-start=\"4109\" data-end=\"4138\">11. Servicios de terceros<\/h3><p data-start=\"4139\" data-end=\"4180\">Utilizamos proveedores externos como:<\/p><ul data-start=\"4181\" data-end=\"4293\"><li data-start=\"4181\" data-end=\"4217\"><p data-start=\"4183\" data-end=\"4217\"><strong data-start=\"4183\" data-end=\"4203\">Google Analytics<\/strong> (an\u00e1lisis)<\/p><\/li><li data-start=\"4218\" data-end=\"4256\"><p data-start=\"4220\" data-end=\"4256\"><strong data-start=\"4220\" data-end=\"4231\">HubSpot<\/strong> (CRM, gesti\u00f3n de clientes potenciales)<\/p><\/li><li data-start=\"4257\" data-end=\"4293\"><p data-start=\"4259\" data-end=\"4293\"><strong data-start=\"4259\" data-end=\"4277\">P\u00edxel de Facebook<\/strong> (publicidad)<\/p><\/li><\/ul><p data-start=\"4295\" data-end=\"4397\">No somos responsables de las pr\u00e1cticas de privacidad de terceros, por lo que recomendamos revisar sus pol\u00edticas.<\/p><hr data-start=\"4399\" data-end=\"4402\" \/><h3 data-start=\"4404\" data-end=\"4435\">12. Cambios en esta pol\u00edtica<\/h3><p data-start=\"4436\" data-end=\"4562\">Podemos actualizar esta Pol\u00edtica de Privacidad de vez en cuando. Las actualizaciones se publicar\u00e1n en esta p\u00e1gina con una fecha revisada de \"\u00faltima actualizaci\u00f3n\".<\/p><hr data-start=\"4564\" data-end=\"4567\" \/><h3 data-start=\"4569\" data-end=\"4588\">13. Contacto<\/h3><p data-start=\"4589\" data-end=\"4712\">Si tiene alguna pregunta, duda o queja sobre esta Pol\u00edtica de privacidad o sobre c\u00f3mo tratamos los datos, p\u00f3ngase en contacto con nosotros en:<\/p><p data-start=\"4714\" data-end=\"4841\">\ud83d\udce7 <strong data-start=\"4717\" data-end=\"4743\"><a class=\"decorated-link cursor-pointer\" rel=\"noopener\" data-start=\"4719\" data-end=\"4741\">legal@wisebusiness.net<\/a><\/strong><br data-start=\"4743\" data-end=\"4746\" \/>\ud83d\udccd WISEBUSINESS IT LTD, 71-75 Shelton Street, Covent Garden, Londres, WC2H 9JQ, Reino Unido<\/p>\t\t\t\t\t\t\t\t<\/div>\n\t\t\t\t\t<\/div>\n\t\t\t\t<\/div>\n\t\t\t\t<\/div>","protected":false},"excerpt":{"rendered":"<p>Privacy Policy. \u00a0 Last updated: 2025\/09\/11 WISEBUSINESS IT LTD (\u201cwe,\u201d \u201cour,\u201d \u201cus\u201d) respects your privacy and is committed to protecting [&hellip;]<\/p>\n","protected":false},"author":1,"featured_media":0,"parent":0,"menu_order":0,"comment_status":"closed","ping_status":"open","template":"elementor_header_footer","meta":{"content-type":"","site-sidebar-layout":"default","site-content-layout":"","ast-site-content-layout":"full-width-container","site-content-style":"default","site-sidebar-style":"default","ast-global-header-display":"","ast-banner-title-visibility":"","ast-main-header-display":"","ast-hfb-above-header-display":"","ast-hfb-below-header-display":"","ast-hfb-mobile-header-display":"","site-post-title":"","ast-breadcrumbs-content":"","ast-featured-img":"","footer-sml-layout":"","ast-disable-related-posts":"","theme-transparent-header-meta":"","adv-header-id-meta":"","stick-header-meta":"","header-above-stick-meta":"","header-main-stick-meta":"","header-below-stick-meta":"","astra-migrate-meta-layouts":"default","ast-page-background-enabled":"default","ast-page-background-meta":{"desktop":{"background-color":"var(--ast-global-color-5)","background-image":"","background-repeat":"repeat","background-position":"center center","background-size":"auto","background-attachment":"scroll","background-type":"","background-media":"","overlay-type":"","overlay-color":"","overlay-opacity":"","overlay-gradient":""},"tablet":{"background-color":"","background-image":"","background-repeat":"repeat","background-position":"center center","background-size":"auto","background-attachment":"scroll","background-type":"","background-media":"","overlay-type":"","overlay-color":"","overlay-opacity":"","overlay-gradient":""},"mobile":{"background-color":"","background-image":"","background-repeat":"repeat","background-position":"center center","background-size":"auto","background-attachment":"scroll","background-type":"","background-media":"","overlay-type":"","overlay-color":"","overlay-opacity":"","overlay-gradient":""}},"ast-content-background-meta":{"desktop":{"background-color":"var(--ast-global-color-4)","background-image":"","background-repeat":"repeat","background-position":"center center","background-size":"auto","background-attachment":"scroll","background-type":"","background-media":"","overlay-type":"","overlay-color":"","overlay-opacity":"","overlay-gradient":""},"tablet":{"background-color":"var(--ast-global-color-4)","background-image":"","background-repeat":"repeat","background-position":"center center","background-size":"auto","background-attachment":"scroll","background-type":"","background-media":"","overlay-type":"","overlay-color":"","overlay-opacity":"","overlay-gradient":""},"mobile":{"background-color":"var(--ast-global-color-4)","background-image":"","background-repeat":"repeat","background-position":"center center","background-size":"auto","background-attachment":"scroll","background-type":"","background-media":"","overlay-type":"","overlay-color":"","overlay-opacity":"","overlay-gradient":""}},"footnotes":""},"class_list":["post-3","page","type-page","status-publish","hentry"],"_links":{"self":[{"href":"https:\/\/wisebusiness.net\/es\/wp-json\/wp\/v2\/pages\/3","targetHints":{"allow":["GET"]}}],"collection":[{"href":"https:\/\/wisebusiness.net\/es\/wp-json\/wp\/v2\/pages"}],"about":[{"href":"https:\/\/wisebusiness.net\/es\/wp-json\/wp\/v2\/types\/page"}],"author":[{"embeddable":true,"href":"https:\/\/wisebusiness.net\/es\/wp-json\/wp\/v2\/users\/1"}],"replies":[{"embeddable":true,"href":"https:\/\/wisebusiness.net\/es\/wp-json\/wp\/v2\/comments?post=3"}],"version-history":[{"count":10,"href":"https:\/\/wisebusiness.net\/es\/wp-json\/wp\/v2\/pages\/3\/revisions"}],"predecessor-version":[{"id":1038,"href":"https:\/\/wisebusiness.net\/es\/wp-json\/wp\/v2\/pages\/3\/revisions\/1038"}],"wp:attachment":[{"href":"https:\/\/wisebusiness.net\/es\/wp-json\/wp\/v2\/media?parent=3"}],"curies":[{"name":"wp","href":"https:\/\/api.w.org\/{rel}","templated":true}]}}