{"id":978,"date":"2025-09-11T22:48:40","date_gmt":"2025-09-11T22:48:40","guid":{"rendered":"https:\/\/wisebusiness.net\/?page_id=978"},"modified":"2025-09-11T23:26:25","modified_gmt":"2025-09-11T23:26:25","slug":"cookie-richtlinie","status":"publish","type":"page","link":"https:\/\/wisebusiness.net\/de\/cookie-richtlinie\/","title":{"rendered":"Cookie-Richtlinie"},"content":{"rendered":"<div data-elementor-type=\"wp-page\" data-elementor-id=\"978\" class=\"elementor elementor-978\">\n\t\t\t\t<div class=\"elementor-element elementor-element-ce56c66 e-flex e-con-boxed e-con e-parent\" data-id=\"ce56c66\" data-element_type=\"container\" data-e-type=\"container\" data-settings=\"{&quot;background_background&quot;:&quot;classic&quot;}\">\n\t\t\t\t\t<div class=\"e-con-inner\">\n\t\t<div class=\"elementor-element elementor-element-a60110c e-con-full e-flex e-con e-child\" data-id=\"a60110c\" data-element_type=\"container\" data-e-type=\"container\">\n\t\t\t\t<div class=\"elementor-element elementor-element-2df38a8 elementor-widget elementor-widget-elementskit-heading\" data-id=\"2df38a8\" data-element_type=\"widget\" data-e-type=\"widget\" data-widget_type=\"elementskit-heading.default\">\n\t\t\t\t\t<div class=\"ekit-wid-con\" ><div class=\"ekit-heading elementskit-section-title-wraper text_left   ekit_heading_tablet-   ekit_heading_mobile-\"><h1 class=\"ekit-heading--title elementskit-section-title\">Cookie-Richtlinie<span><span>.<\/span><\/span><\/h1><\/div><\/div>\t\t\t\t<\/div>\n\t\t\t\t<\/div>\n\t\t\t\t\t<\/div>\n\t\t\t\t<\/div>\n\t\t<div class=\"elementor-element elementor-element-596e5907 e-flex e-con-boxed e-con e-parent\" data-id=\"596e5907\" data-element_type=\"container\" data-e-type=\"container\">\n\t\t\t\t\t<div class=\"e-con-inner\">\n\t\t\t\t<div class=\"elementor-element elementor-element-1a2c70e5 elementor-widget elementor-widget-text-editor\" data-id=\"1a2c70e5\" data-element_type=\"widget\" data-e-type=\"widget\" data-widget_type=\"text-editor.default\">\n\t\t\t\t\t\t\t\t\t<p data-start=\"275\" data-end=\"306\">\u00a0<\/p>\n<p data-start=\"275\" data-end=\"306\"><strong data-start=\"275\" data-end=\"306\">Zuletzt aktualisiert: 2025\/09\/11<\/strong><\/p>\n<p data-start=\"308\" data-end=\"468\">Diese Cookie-Richtlinie erkl\u00e4rt, wie <strong data-start=\"340\" data-end=\"363\">WISEBUSINESS IT LTD<\/strong> (\"wir\", \"unser\", \"uns\") verwendet Cookies und \u00e4hnliche Technologien auf unserer Website <strong data-start=\"437\" data-end=\"465\"><a class=\"decorated-link\" href=\"https:\/\/wisebusiness.net\/de\/\" target=\"_new\" rel=\"noopener\" data-start=\"439\" data-end=\"463\">https:\/\/wisebusiness.net<\/a><\/strong>.<\/p>\n<p data-start=\"470\" data-end=\"628\">Durch die Nutzung unserer Website erkl\u00e4ren Sie sich mit der Verwendung von Cookies in \u00dcbereinstimmung mit dieser Richtlinie einverstanden, es sei denn, Sie deaktivieren sie \u00fcber Ihren Browser oder unser Cookie-Zustimmungstool.<\/p>\n<hr data-start=\"630\" data-end=\"633\" \/>\n<h3 data-start=\"635\" data-end=\"660\">1. Was sind Cookies?<\/h3>\n<p data-start=\"661\" data-end=\"753\">Cookies sind kleine Textdateien, die auf Ihrem Ger\u00e4t gespeichert werden, wenn Sie eine Website besuchen. Sie helfen uns:<\/p>\n<ul data-start=\"754\" data-end=\"889\">\n<li data-start=\"754\" data-end=\"783\">\n<p data-start=\"756\" data-end=\"783\">Merken Sie sich Ihre Vorlieben<\/p>\n<\/li>\n<li data-start=\"784\" data-end=\"817\">\n<p data-start=\"786\" data-end=\"817\">Verbesserung der Funktionalit\u00e4t der Website<\/p>\n<\/li>\n<li data-start=\"818\" data-end=\"846\">\n<p data-start=\"820\" data-end=\"846\">Analysieren Sie das Besucherverhalten<\/p>\n<\/li>\n<li data-start=\"847\" data-end=\"889\">\n<p data-start=\"849\" data-end=\"889\">Personalisierte Werbung und Marketing<\/p>\n<\/li>\n<\/ul>\n<hr data-start=\"891\" data-end=\"894\" \/>\n<h3 data-start=\"896\" data-end=\"927\">2. Arten von Cookies, die wir verwenden<\/h3>\n<p data-start=\"928\" data-end=\"973\">Wir verwenden die folgenden Kategorien von Cookies:<\/p>\n<ol data-start=\"975\" data-end=\"1530\">\n<li data-start=\"975\" data-end=\"1103\">\n<p data-start=\"978\" data-end=\"1001\"><strong data-start=\"978\" data-end=\"999\">Unverzichtbare Cookies<\/strong><\/p>\n<ul data-start=\"1005\" data-end=\"1103\">\n<li data-start=\"1005\" data-end=\"1076\">\n<p data-start=\"1007\" data-end=\"1076\">F\u00fcr das Funktionieren der Website erforderlich (z. B. Sicherheit, Anmeldeformulare).<\/p>\n<\/li>\n<li data-start=\"1080\" data-end=\"1103\">\n<p data-start=\"1082\" data-end=\"1103\">Kann nicht deaktiviert werden.<\/p>\n<\/li>\n<\/ul>\n<\/li>\n<li data-start=\"1105\" data-end=\"1277\">\n<p data-start=\"1108\" data-end=\"1145\"><strong data-start=\"1108\" data-end=\"1143\">Analyse- und Leistungs-Cookies<\/strong><\/p>\n<ul data-start=\"1149\" data-end=\"1277\">\n<li data-start=\"1149\" data-end=\"1199\">\n<p data-start=\"1151\" data-end=\"1199\">Werkzeuge: <strong data-start=\"1158\" data-end=\"1197\">Google Analytics, HubSpot Analytics<\/strong><\/p>\n<\/li>\n<li data-start=\"1203\" data-end=\"1277\">\n<p data-start=\"1205\" data-end=\"1277\">Verfolgung von Nutzung, Verkehr und Leistung der Website zur Verbesserung der Benutzerfreundlichkeit.<\/p>\n<\/li>\n<\/ul>\n<\/li>\n<li data-start=\"1279\" data-end=\"1447\">\n<p data-start=\"1282\" data-end=\"1319\"><strong data-start=\"1282\" data-end=\"1317\">Marketing &amp; Werbung Cookies<\/strong><\/p>\n<ul data-start=\"1323\" data-end=\"1447\">\n<li data-start=\"1323\" data-end=\"1376\">\n<p data-start=\"1325\" data-end=\"1376\">Werkzeuge: <strong data-start=\"1332\" data-end=\"1374\">Facebook Pixel, Google Ads Remarketing<\/strong><\/p>\n<\/li>\n<li data-start=\"1380\" data-end=\"1447\">\n<p data-start=\"1382\" data-end=\"1447\">Schalten Sie relevante Anzeigen, verfolgen Sie Konversionen und sprechen Sie Besucher erneut an.<\/p>\n<\/li>\n<\/ul>\n<\/li>\n<li data-start=\"1449\" data-end=\"1530\">\n<p data-start=\"1452\" data-end=\"1476\"><strong data-start=\"1452\" data-end=\"1474\">Pr\u00e4ferenz-Cookies<\/strong><\/p>\n<ul data-start=\"1480\" data-end=\"1530\">\n<li data-start=\"1480\" data-end=\"1530\">\n<p data-start=\"1482\" data-end=\"1530\">Speichern Sie Benutzereinstellungen wie Sprache oder Standort.<\/p>\n<\/li>\n<\/ul>\n<\/li>\n<\/ol>\n<hr data-start=\"1532\" data-end=\"1535\" \/>\n<h3 data-start=\"1537\" data-end=\"1564\">3. Cookies von Drittanbietern<\/h3>\n<p data-start=\"1565\" data-end=\"1779\">Wir k\u00f6nnen Drittanbietern (Google, Meta\/Facebook, HubSpot usw.) gestatten, zu Analyse- und Werbezwecken Cookies auf Ihrem Ger\u00e4t zu platzieren. Diese Drittanbieter k\u00f6nnen Daten au\u00dferhalb des Vereinigten K\u00f6nigreichs\/der EU sammeln und verarbeiten.<\/p>\n<hr data-start=\"1781\" data-end=\"1784\" \/>\n<h3 data-start=\"1786\" data-end=\"1808\">4. Cookie-Zustimmung<\/h3>\n<p data-start=\"1809\" data-end=\"1910\">Wenn Sie unsere Website zum ersten Mal besuchen, sehen Sie eine <strong data-start=\"1858\" data-end=\"1888\">Cookie-Banner\/Zustimmungstool<\/strong> das Ihnen das erm\u00f6glicht:<\/p>\n<ul data-start=\"1911\" data-end=\"2004\">\n<li data-start=\"1911\" data-end=\"1933\">\n<p data-start=\"1913\" data-end=\"1933\">Alle Cookies akzeptieren<\/p>\n<\/li>\n<li data-start=\"1934\" data-end=\"1966\">\n<p data-start=\"1936\" data-end=\"1966\">Unwichtige Cookies ablehnen<\/p>\n<\/li>\n<li data-start=\"1967\" data-end=\"2004\">\n<p data-start=\"1969\" data-end=\"2004\">Anpassen Ihrer Cookie-Einstellungen<\/p>\n<\/li>\n<\/ul>\n<p data-start=\"2006\" data-end=\"2101\">Sie k\u00f6nnen Ihre Zustimmung jederzeit \u00e4ndern oder widerrufen, indem Sie die <strong data-start=\"2057\" data-end=\"2078\">\"Cookie-Einstellungen\"<\/strong> Link auf unserer Website.<\/p>\n<hr data-start=\"2103\" data-end=\"2106\" \/>\n<h3 data-start=\"2108\" data-end=\"2144\">5. Verwaltung und Deaktivierung von Cookies<\/h3>\n<p data-start=\"2145\" data-end=\"2292\">Sie k\u00f6nnen Cookies jederzeit \u00fcber Ihre Browsereinstellungen kontrollieren oder l\u00f6schen. Die Deaktivierung bestimmter Cookies kann jedoch die Funktionalit\u00e4t der Website beeintr\u00e4chtigen.<\/p>\n<p data-start=\"2294\" data-end=\"2309\">Zur Orientierung:<\/p>\n<ul data-start=\"2310\" data-end=\"2630\">\n<li data-start=\"2310\" data-end=\"2377\">\n<p data-start=\"2312\" data-end=\"2377\"><a class=\"decorated-link cursor-pointer\" target=\"_new\" rel=\"noopener\" data-start=\"2312\" data-end=\"2375\">Google Chrome<\/a><\/p>\n<\/li>\n<li data-start=\"2378\" data-end=\"2476\">\n<p data-start=\"2380\" data-end=\"2476\"><a class=\"decorated-link cursor-pointer\" target=\"_new\" rel=\"noopener\" data-start=\"2380\" data-end=\"2474\">Firefox<\/a><\/p>\n<\/li>\n<li data-start=\"2477\" data-end=\"2575\">\n<p data-start=\"2479\" data-end=\"2575\"><a class=\"decorated-link cursor-pointer\" target=\"_new\" rel=\"noopener\" data-start=\"2479\" data-end=\"2573\">Safari<\/a><\/p>\n<\/li>\n<li data-start=\"2576\" data-end=\"2630\">\n<p data-start=\"2578\" data-end=\"2630\"><a class=\"decorated-link cursor-pointer\" target=\"_new\" rel=\"noopener\" data-start=\"2578\" data-end=\"2628\">Kante<\/a><\/p>\n<\/li>\n<\/ul>\n<hr data-start=\"2632\" data-end=\"2635\" \/>\n<h3 data-start=\"2637\" data-end=\"2663\">6. CCPA &amp; GDPR Rechte<\/h3>\n<ul data-start=\"2664\" data-end=\"2913\">\n<li data-start=\"2664\" data-end=\"2797\">\n<p data-start=\"2666\" data-end=\"2797\"><strong data-start=\"2666\" data-end=\"2689\">EU\/UK-Benutzer (GDPR):<\/strong> Sie k\u00f6nnen den Zugang, die Berichtigung, die L\u00f6schung oder die Einschr\u00e4nkung Ihrer mittels Cookies verarbeiteten personenbezogenen Daten verlangen.<\/p>\n<\/li>\n<li data-start=\"2798\" data-end=\"2913\">\n<p data-start=\"2800\" data-end=\"2913\"><strong data-start=\"2800\" data-end=\"2833\">Kalifornische Nutzer (CCPA\/CPRA):<\/strong> Sie haben das Recht, der Verwendung von Cookies f\u00fcr gezielte Werbung zu widersprechen.<\/p>\n<\/li>\n<\/ul>\n<p data-start=\"2915\" data-end=\"2975\">Wir tun <strong data-start=\"2921\" data-end=\"2955\">keine pers\u00f6nlichen Daten verkaufen oder vermieten<\/strong> an Dritte.<\/p>\n<hr data-start=\"2977\" data-end=\"2980\" \/>\n<h3 data-start=\"2982\" data-end=\"3012\">7. Aktualisierungen dieser Richtlinie<\/h3>\n<p data-start=\"3013\" data-end=\"3134\">Wir k\u00f6nnen diese Cookie-Richtlinie von Zeit zu Zeit aktualisieren. Aktualisierungen werden auf dieser Seite mit einem neuen \"Zuletzt aktualisiert\"-Datum ver\u00f6ffentlicht.<\/p>\n<hr data-start=\"3136\" data-end=\"3139\" \/>\n<h3 data-start=\"3141\" data-end=\"3159\">8. Kontakt<\/h3>\n<p data-start=\"3160\" data-end=\"3224\">Wenn Sie Fragen zu unserer Cookie-Nutzung haben, kontaktieren Sie uns bitte:<\/p>\n<p data-start=\"3226\" data-end=\"3354\">\ud83d\udce7 <strong data-start=\"3229\" data-end=\"3255\"><a class=\"decorated-link cursor-pointer\" rel=\"noopener\" data-start=\"3231\" data-end=\"3253\">legal@wisebusiness.net<\/a><\/strong><br data-start=\"3255\" data-end=\"3258\" \/>\ud83d\udccd WISEBUSINESS IT LTD<br data-start=\"3280\" data-end=\"3283\" \/>71-75 Shelton Street, Covent Garden, London, WC2H 9JQ, Vereinigtes K\u00f6nigreich<\/p>\n<hr data-start=\"3356\" data-end=\"3359\" \/>\n<p data-start=\"3361\" data-end=\"3488\">\u00a0<\/p>\t\t\t\t\t\t\t\t<\/div>\n\t\t\t\t\t<\/div>\n\t\t\t\t<\/div>\n\t\t\t\t<\/div>","protected":false},"excerpt":{"rendered":"<p>Cookie Policy. \u00a0 Last Updated: 2025\/09\/11 This Cookie Policy explains how WISEBUSINESS IT LTD (\u201cwe,\u201d \u201cour,\u201d \u201cus\u201d) uses cookies and [&hellip;]<\/p>\n","protected":false},"author":1,"featured_media":0,"parent":0,"menu_order":0,"comment_status":"closed","ping_status":"closed","template":"elementor_header_footer","meta":{"content-type":"","site-sidebar-layout":"default","site-content-layout":"","ast-site-content-layout":"full-width-container","site-content-style":"default","site-sidebar-style":"default","ast-global-header-display":"","ast-banner-title-visibility":"","ast-main-header-display":"","ast-hfb-above-header-display":"","ast-hfb-below-header-display":"","ast-hfb-mobile-header-display":"","site-post-title":"","ast-breadcrumbs-content":"","ast-featured-img":"","footer-sml-layout":"","ast-disable-related-posts":"","theme-transparent-header-meta":"","adv-header-id-meta":"","stick-header-meta":"","header-above-stick-meta":"","header-main-stick-meta":"","header-below-stick-meta":"","astra-migrate-meta-layouts":"default","ast-page-background-enabled":"default","ast-page-background-meta":{"desktop":{"background-color":"var(--ast-global-color-5)","background-image":"","background-repeat":"repeat","background-position":"center center","background-size":"auto","background-attachment":"scroll","background-type":"","background-media":"","overlay-type":"","overlay-color":"","overlay-opacity":"","overlay-gradient":""},"tablet":{"background-color":"","background-image":"","background-repeat":"repeat","background-position":"center center","background-size":"auto","background-attachment":"scroll","background-type":"","background-media":"","overlay-type":"","overlay-color":"","overlay-opacity":"","overlay-gradient":""},"mobile":{"background-color":"","background-image":"","background-repeat":"repeat","background-position":"center center","background-size":"auto","background-attachment":"scroll","background-type":"","background-media":"","overlay-type":"","overlay-color":"","overlay-opacity":"","overlay-gradient":""}},"ast-content-background-meta":{"desktop":{"background-color":"var(--ast-global-color-4)","background-image":"","background-repeat":"repeat","background-position":"center center","background-size":"auto","background-attachment":"scroll","background-type":"","background-media":"","overlay-type":"","overlay-color":"","overlay-opacity":"","overlay-gradient":""},"tablet":{"background-color":"var(--ast-global-color-4)","background-image":"","background-repeat":"repeat","background-position":"center center","background-size":"auto","background-attachment":"scroll","background-type":"","background-media":"","overlay-type":"","overlay-color":"","overlay-opacity":"","overlay-gradient":""},"mobile":{"background-color":"var(--ast-global-color-4)","background-image":"","background-repeat":"repeat","background-position":"center center","background-size":"auto","background-attachment":"scroll","background-type":"","background-media":"","overlay-type":"","overlay-color":"","overlay-opacity":"","overlay-gradient":""}},"footnotes":""},"class_list":["post-978","page","type-page","status-publish","hentry"],"_links":{"self":[{"href":"https:\/\/wisebusiness.net\/de\/wp-json\/wp\/v2\/pages\/978","targetHints":{"allow":["GET"]}}],"collection":[{"href":"https:\/\/wisebusiness.net\/de\/wp-json\/wp\/v2\/pages"}],"about":[{"href":"https:\/\/wisebusiness.net\/de\/wp-json\/wp\/v2\/types\/page"}],"author":[{"embeddable":true,"href":"https:\/\/wisebusiness.net\/de\/wp-json\/wp\/v2\/users\/1"}],"replies":[{"embeddable":true,"href":"https:\/\/wisebusiness.net\/de\/wp-json\/wp\/v2\/comments?post=978"}],"version-history":[{"count":7,"href":"https:\/\/wisebusiness.net\/de\/wp-json\/wp\/v2\/pages\/978\/revisions"}],"predecessor-version":[{"id":1044,"href":"https:\/\/wisebusiness.net\/de\/wp-json\/wp\/v2\/pages\/978\/revisions\/1044"}],"wp:attachment":[{"href":"https:\/\/wisebusiness.net\/de\/wp-json\/wp\/v2\/media?parent=978"}],"curies":[{"name":"wp","href":"https:\/\/api.w.org\/{rel}","templated":true}]}}