{"id":609,"date":"2025-09-11T22:41:40","date_gmt":"2025-09-11T22:41:40","guid":{"rendered":"https:\/\/wisebusiness.net\/?page_id=609"},"modified":"2025-09-11T23:25:38","modified_gmt":"2025-09-11T23:25:38","slug":"bedingungen","status":"publish","type":"page","link":"https:\/\/wisebusiness.net\/de\/bedingungen\/","title":{"rendered":"Bedingungen und Konditionen"},"content":{"rendered":"<div data-elementor-type=\"wp-page\" data-elementor-id=\"609\" class=\"elementor elementor-609\">\n\t\t\t\t<div class=\"elementor-element elementor-element-0781a2b e-flex e-con-boxed e-con e-parent\" data-id=\"0781a2b\" data-element_type=\"container\" data-e-type=\"container\" data-settings=\"{&quot;background_background&quot;:&quot;classic&quot;}\">\n\t\t\t\t\t<div class=\"e-con-inner\">\n\t\t<div class=\"elementor-element elementor-element-aa70d88 e-con-full e-flex e-con e-child\" data-id=\"aa70d88\" data-element_type=\"container\" data-e-type=\"container\">\n\t\t\t\t<div class=\"elementor-element elementor-element-e4828e9 elementor-widget elementor-widget-elementskit-heading\" data-id=\"e4828e9\" data-element_type=\"widget\" data-e-type=\"widget\" data-widget_type=\"elementskit-heading.default\">\n\t\t\t\t\t<div class=\"ekit-wid-con\" ><div class=\"ekit-heading elementskit-section-title-wraper text_left   ekit_heading_tablet-   ekit_heading_mobile-\"><h1 class=\"ekit-heading--title elementskit-section-title\">Bedingungen und Konditionen<span><span>.<\/span><\/span><\/h1><\/div><\/div>\t\t\t\t<\/div>\n\t\t\t\t<\/div>\n\t\t\t\t\t<\/div>\n\t\t\t\t<\/div>\n\t\t<div class=\"elementor-element elementor-element-6da3acba e-flex e-con-boxed e-con e-parent\" data-id=\"6da3acba\" data-element_type=\"container\" data-e-type=\"container\">\n\t\t\t\t\t<div class=\"e-con-inner\">\n\t\t\t\t<div class=\"elementor-element elementor-element-1754137d elementor-widget elementor-widget-text-editor\" data-id=\"1754137d\" data-element_type=\"widget\" data-e-type=\"widget\" data-widget_type=\"text-editor.default\">\n\t\t\t\t\t\t\t\t\t<h1 data-start=\"300\" data-end=\"325\">\u00a0<\/h1>\n<p data-start=\"326\" data-end=\"357\"><strong data-start=\"326\" data-end=\"357\">Zuletzt aktualisiert: 2025\/09\/11<\/strong><\/p>\n<p data-start=\"359\" data-end=\"680\">Diese Allgemeinen Gesch\u00e4ftsbedingungen (\"Bedingungen\") regeln Ihre Nutzung unserer Website (<a class=\"decorated-link\" href=\"https:\/\/wisebusiness.net\/de\/\" target=\"_new\" rel=\"noopener\" data-start=\"426\" data-end=\"450\">https:\/\/wisebusiness.net<\/a>) und die Dienstleistungen von <strong data-start=\"481\" data-end=\"504\">WISEBUSINESS IT LTD<\/strong> (\"wir\", \"uns\", \"unser\"). Indem Sie auf unsere Website zugreifen oder unsere Dienste in Anspruch nehmen, erkl\u00e4ren Sie sich mit diesen Bedingungen einverstanden. Wenn Sie damit nicht einverstanden sind, nutzen Sie unsere Website oder Dienstleistungen bitte nicht.<\/p>\n<hr data-start=\"682\" data-end=\"685\" \/>\n<h3 data-start=\"687\" data-end=\"714\">1. Informationen zum Unternehmen<\/h3>\n<ul data-start=\"715\" data-end=\"985\">\n<li data-start=\"715\" data-end=\"757\">\n<p data-start=\"717\" data-end=\"757\"><strong data-start=\"717\" data-end=\"735\">Name des Unternehmens:<\/strong> WISEBUSINESS IT LTD<\/p>\n<\/li>\n<li data-start=\"758\" data-end=\"855\">\n<p data-start=\"760\" data-end=\"855\"><strong data-start=\"760\" data-end=\"783\">Eingetragene Anschrift:<\/strong> 71-75 Shelton Street, Covent Garden, London, WC2H 9JQ, Vereinigtes K\u00f6nigreich<\/p>\n<\/li>\n<li data-start=\"856\" data-end=\"901\">\n<p data-start=\"858\" data-end=\"901\"><strong data-start=\"858\" data-end=\"876\">Kontakt E-Mail:<\/strong> <a class=\"decorated-link cursor-pointer\" rel=\"noopener\" data-start=\"877\" data-end=\"899\">legal@wisebusiness.net<\/a><\/p>\n<\/li>\n<li data-start=\"902\" data-end=\"985\">\n<p data-start=\"904\" data-end=\"985\"><strong data-start=\"904\" data-end=\"921\">Zust\u00e4ndigkeit:<\/strong> Vereinigtes K\u00f6nigreich (f\u00fcr alle Vertr\u00e4ge und Streitigkeiten gilt britisches Recht)<\/p>\n<\/li>\n<\/ul>\n<hr data-start=\"987\" data-end=\"990\" \/>\n<h3 data-start=\"992\" data-end=\"1017\">2. Erbrachte Dienstleistungen<\/h3>\n<p data-start=\"1018\" data-end=\"1101\">Wir sind eine Agentur f\u00fcr digitales Marketing und bieten unter anderem folgende Dienstleistungen an:<\/p>\n<ul data-start=\"1102\" data-end=\"1396\">\n<li data-start=\"1102\" data-end=\"1130\">\n<p data-start=\"1104\" data-end=\"1130\">Werbung in sozialen Medien<\/p>\n<\/li>\n<li data-start=\"1131\" data-end=\"1158\">\n<p data-start=\"1133\" data-end=\"1158\">SEO &amp; Inhaltsmarketing<\/p>\n<\/li>\n<li data-start=\"1159\" data-end=\"1183\">\n<p data-start=\"1161\" data-end=\"1183\">Website Gestaltung &amp; CRO<\/p>\n<\/li>\n<li data-start=\"1184\" data-end=\"1218\">\n<p data-start=\"1186\" data-end=\"1218\">Marketing-Automatisierung &amp; Trichter<\/p>\n<\/li>\n<li data-start=\"1219\" data-end=\"1248\">\n<p data-start=\"1221\" data-end=\"1248\">Markenstrategie und -identit\u00e4t<\/p>\n<\/li>\n<li data-start=\"1249\" data-end=\"1285\">\n<p data-start=\"1251\" data-end=\"1285\">Analytik &amp; Leistungsverfolgung<\/p>\n<\/li>\n<li data-start=\"1286\" data-end=\"1320\">\n<p data-start=\"1288\" data-end=\"1320\">Reputations- und Bewertungsmanagement<\/p>\n<\/li>\n<li data-start=\"1321\" data-end=\"1351\">\n<p data-start=\"1323\" data-end=\"1351\">Influencer- und UGC-Marketing<\/p>\n<\/li>\n<li data-start=\"1352\" data-end=\"1396\">\n<p data-start=\"1354\" data-end=\"1396\">Weitere Dienstleistungen im Bereich digitales Marketing<\/p>\n<\/li>\n<\/ul>\n<p data-start=\"1398\" data-end=\"1487\">Alle Dienstleistungen werden in Vorschl\u00e4gen, Vertr\u00e4gen oder Vereinbarungen mit den einzelnen Kunden detailliert beschrieben.<\/p>\n<hr data-start=\"1489\" data-end=\"1492\" \/>\n<h3 data-start=\"1494\" data-end=\"1525\">3. Verantwortlichkeiten der Kunden<\/h3>\n<p data-start=\"1526\" data-end=\"1545\">Die Kunden verpflichten sich:<\/p>\n<ul data-start=\"1546\" data-end=\"1879\">\n<li data-start=\"1546\" data-end=\"1621\">\n<p data-start=\"1548\" data-end=\"1621\">Bereitstellung genauer und vollst\u00e4ndiger Informationen, die f\u00fcr die Erbringung von Dienstleistungen erforderlich sind.<\/p>\n<\/li>\n<li data-start=\"1622\" data-end=\"1712\">\n<p data-start=\"1624\" data-end=\"1712\">rechtzeitig mit uns zusammenarbeiten (z. B. Zugang, Genehmigungen und Inhalte bereitstellen).<\/p>\n<\/li>\n<li data-start=\"1713\" data-end=\"1796\">\n<p data-start=\"1715\" data-end=\"1796\">Einhaltung der vereinbarten Fristen f\u00fcr Zahlungen, Kommunikation und Projektleistungen.<\/p>\n<\/li>\n<li data-start=\"1797\" data-end=\"1879\">\n<p data-start=\"1799\" data-end=\"1879\">unsere Dienste nicht f\u00fcr ungesetzliche, sch\u00e4dliche oder betr\u00fcgerische Zwecke zu nutzen.<\/p>\n<\/li>\n<\/ul>\n<hr data-start=\"1881\" data-end=\"1884\" \/>\n<h3 data-start=\"1886\" data-end=\"1907\">4. Zahlungsbedingungen<\/h3>\n<ul data-start=\"1908\" data-end=\"2291\">\n<li data-start=\"1908\" data-end=\"1994\">\n<p data-start=\"1910\" data-end=\"1994\">Die Dienstleistungen k\u00f6nnen Folgendes erfordern <strong data-start=\"1931\" data-end=\"1951\">Upfront-Einlagen<\/strong> (in der Regel 2-3 Monate Honorarvorschuss).<\/p>\n<\/li>\n<li data-start=\"1995\" data-end=\"2061\">\n<p data-start=\"1997\" data-end=\"2061\">Alle Rechnungen m\u00fcssen zum oder vor dem angegebenen F\u00e4lligkeitsdatum bezahlt werden.<\/p>\n<\/li>\n<li data-start=\"2062\" data-end=\"2132\">\n<p data-start=\"2064\" data-end=\"2132\">Versp\u00e4tete Zahlungen k\u00f6nnen zur Aussetzung des Dienstes oder zu zus\u00e4tzlichen Geb\u00fchren f\u00fchren.<\/p>\n<\/li>\n<li data-start=\"2133\" data-end=\"2291\">\n<p data-start=\"2135\" data-end=\"2291\">Geb\u00fchren f\u00fcr Tools, Werbebudgets (z. B. Meta Ads, Google Ads) oder Kosten f\u00fcr Dritte gehen zu Lasten des Kunden, sofern nicht schriftlich etwas anderes vereinbart wurde.<\/p>\n<\/li>\n<\/ul>\n<hr data-start=\"2293\" data-end=\"2296\" \/>\n<h3 data-start=\"2298\" data-end=\"2338\">5. Vertragsdauer und K\u00fcndigung<\/h3>\n<ul data-start=\"2339\" data-end=\"2750\">\n<li data-start=\"2339\" data-end=\"2470\">\n<p data-start=\"2341\" data-end=\"2470\">Vertr\u00e4ge k\u00f6nnen sein <strong data-start=\"2358\" data-end=\"2420\">monatliche Pauschalbetr\u00e4ge, einmalige Projekte oder Jahresvertr\u00e4ge<\/strong>wie im Dienstleistungsangebot des Kunden angegeben.<\/p>\n<\/li>\n<li data-start=\"2471\" data-end=\"2592\">\n<p data-start=\"2473\" data-end=\"2592\">Eine vorzeitige Stornierung ist mit schriftlicher Benachrichtigung m\u00f6glich, aber <strong data-start=\"2530\" data-end=\"2589\">Erstattungen unterliegen unserer Erstattungs- und Stornierungspolitik<\/strong>.<\/p>\n<\/li>\n<li data-start=\"2593\" data-end=\"2750\">\n<p data-start=\"2595\" data-end=\"2750\">K\u00fcndigt ein Kunde vor Ablauf der vereinbarten Vertragslaufzeit, k\u00f6nnen Teilerstattungen nach Abzug der Geb\u00fchren f\u00fcr erbrachte Dienstleistungen und im Voraus gekaufte Werkzeuge erfolgen.<\/p>\n<\/li>\n<\/ul>\n<hr data-start=\"2752\" data-end=\"2755\" \/>\n<h3 data-start=\"2757\" data-end=\"2785\">6. Ergebnisse und Garantien<\/h3>\n<p data-start=\"2786\" data-end=\"3191\">Wir wenden zwar bew\u00e4hrte Strategien und beste Praktiken an, k\u00f6nnen aber <strong data-start=\"2849\" data-end=\"2880\">spezifische Ergebnisse garantieren<\/strong> (z. B. Verk\u00e4ufe, Besucherzahlen, Rankings) aufgrund externer Faktoren, die au\u00dferhalb unserer Kontrolle liegen (z. B. Algorithmus\u00e4nderungen, Marktschwankungen).<br data-start=\"3011\" data-end=\"3014\" \/>Wenn jedoch ein <strong data-start=\"3028\" data-end=\"3078\">ergebnisorientierte Strategie ist vertraglich vereinbart<\/strong> und der Kunde die gesamte Vertragslaufzeit einh\u00e4lt, garantieren wir die in diesem Vertrag festgelegten Leistungen.<\/p>\n<hr data-start=\"3193\" data-end=\"3196\" \/>\n<h3 data-start=\"3198\" data-end=\"3227\">7. Geistiges Eigentum<\/h3>\n<ul data-start=\"3228\" data-end=\"3634\">\n<li data-start=\"3228\" data-end=\"3377\">\n<p data-start=\"3230\" data-end=\"3377\">Das gesamte geistige Eigentum, die kreativen Ressourcen und die von WISEBUSINESS IT LTD entwickelten Leistungen bleiben bis zur vollst\u00e4ndigen Bezahlung unser Eigentum.<\/p>\n<\/li>\n<li data-start=\"3378\" data-end=\"3477\">\n<p data-start=\"3380\" data-end=\"3477\">Nach vollst\u00e4ndiger Bezahlung k\u00f6nnen die Eigentumsrechte auf den Kunden \u00fcbertragen werden, wie im Vertrag vereinbart.<\/p>\n<\/li>\n<li data-start=\"3478\" data-end=\"3634\">\n<p data-start=\"3480\" data-end=\"3634\">Wir behalten uns das Recht vor, abgeschlossene Arbeiten in unserem Portfolio, in Fallstudien oder in Marketingmaterialien zu pr\u00e4sentieren, es sei denn, eine Vertraulichkeitsvereinbarung verhindert dies.<\/p>\n<\/li>\n<\/ul>\n<hr data-start=\"3636\" data-end=\"3639\" \/>\n<h3 data-start=\"3641\" data-end=\"3672\">8. Begrenzung der Haftung<\/h3>\n<ul data-start=\"3673\" data-end=\"3929\">\n<li data-start=\"3673\" data-end=\"3806\">\n<p data-start=\"3675\" data-end=\"3806\">Wir haften nicht f\u00fcr indirekte, zuf\u00e4llige oder Folgesch\u00e4den, einschlie\u00dflich entgangener Gewinne, Datenverluste oder Rufsch\u00e4digung.<\/p>\n<\/li>\n<li data-start=\"3807\" data-end=\"3929\">\n<p data-start=\"3809\" data-end=\"3929\">Unsere Gesamthaftung im Rahmen einer Vereinbarung \u00fcbersteigt nicht den Gesamtbetrag der vom Kunden f\u00fcr die betreffende Dienstleistung gezahlten Geb\u00fchren.<\/p>\n<\/li>\n<\/ul>\n<hr data-start=\"3931\" data-end=\"3934\" \/>\n<h3 data-start=\"3936\" data-end=\"3955\">9. Beendigung<\/h3>\n<p data-start=\"3956\" data-end=\"3998\">Wir k\u00f6nnen Dienste aussetzen oder beenden, wenn:<\/p>\n<ul data-start=\"3999\" data-end=\"4108\">\n<li data-start=\"3999\" data-end=\"4035\">\n<p data-start=\"4001\" data-end=\"4035\">Der Kunde verst\u00f6\u00dft gegen diese Bedingungen.<\/p>\n<\/li>\n<li data-start=\"4036\" data-end=\"4061\">\n<p data-start=\"4038\" data-end=\"4061\">Die Zahlungen sind \u00fcberf\u00e4llig.<\/p>\n<\/li>\n<li data-start=\"4062\" data-end=\"4108\">\n<p data-start=\"4064\" data-end=\"4108\">Die Dienste werden unrechtm\u00e4\u00dfig oder sch\u00e4dlich genutzt.<\/p>\n<\/li>\n<\/ul>\n<hr data-start=\"4110\" data-end=\"4113\" \/>\n<h3 data-start=\"4115\" data-end=\"4139\">10. Vertraulichkeit<\/h3>\n<p data-start=\"4140\" data-end=\"4260\">Beide Parteien verpflichten sich, alle im Rahmen des Projekts ausgetauschten gesch\u00fctzten, sensiblen oder gesch\u00e4ftlichen Informationen vertraulich zu behandeln.<\/p>\n<hr data-start=\"4262\" data-end=\"4265\" \/>\n<h3 data-start=\"4267\" data-end=\"4304\">11. Geltendes Recht und Gerichtsstand<\/h3>\n<p data-start=\"4305\" data-end=\"4414\">Diese Bedingungen werden geregelt durch <strong data-start=\"4333\" data-end=\"4343\">britisches Recht<\/strong>. F\u00fcr alle Streitigkeiten sind die Gerichte des Vereinigten K\u00f6nigreichs zust\u00e4ndig.<\/p>\n<hr data-start=\"4416\" data-end=\"4419\" \/>\n<h3 data-start=\"4421\" data-end=\"4440\">12. \u00c4nderungsantr\u00e4ge<\/h3>\n<p data-start=\"4441\" data-end=\"4630\">Wir k\u00f6nnen diese Bedingungen von Zeit zu Zeit aktualisieren. Aktualisierungen werden auf dieser Seite mit einem neuen Datum der letzten Aktualisierung ver\u00f6ffentlicht. Die fortgesetzte Nutzung unserer Dienste gilt als Zustimmung zu den \u00fcberarbeiteten Bedingungen.<\/p>\n<hr data-start=\"4632\" data-end=\"4635\" \/>\n<h3 data-start=\"4637\" data-end=\"4653\">13. Kontakt<\/h3>\n<p data-start=\"4654\" data-end=\"4714\">Wenn Sie Fragen zu diesen Bedingungen haben, kontaktieren Sie uns bitte unter:<\/p>\n<p data-start=\"4716\" data-end=\"4843\">\ud83d\udce7 <strong data-start=\"4719\" data-end=\"4745\"><a class=\"decorated-link cursor-pointer\" rel=\"noopener\" data-start=\"4721\" data-end=\"4743\">legal@wisebusiness.net<\/a><\/strong><br data-start=\"4745\" data-end=\"4748\" \/>\ud83d\udccd WISEBUSINESS IT LTD, 71-75 Shelton Street, Covent Garden, London, WC2H 9JQ, Vereinigtes K\u00f6nigreich<\/p>\t\t\t\t\t\t\t\t<\/div>\n\t\t\t\t\t<\/div>\n\t\t\t\t<\/div>\n\t\t\t\t<\/div>","protected":false},"excerpt":{"rendered":"<p>Terms &amp; Conditions. \u00a0 Last updated: 2025\/09\/11 These Terms &amp; Conditions (\u201cTerms\u201d) govern your use of our website (https:\/\/wisebusiness.net) and [&hellip;]<\/p>\n","protected":false},"author":1,"featured_media":0,"parent":0,"menu_order":0,"comment_status":"closed","ping_status":"closed","template":"elementor_header_footer","meta":{"content-type":"","site-sidebar-layout":"default","site-content-layout":"","ast-site-content-layout":"full-width-container","site-content-style":"default","site-sidebar-style":"default","ast-global-header-display":"","ast-banner-title-visibility":"","ast-main-header-display":"","ast-hfb-above-header-display":"","ast-hfb-below-header-display":"","ast-hfb-mobile-header-display":"","site-post-title":"","ast-breadcrumbs-content":"","ast-featured-img":"","footer-sml-layout":"","ast-disable-related-posts":"","theme-transparent-header-meta":"","adv-header-id-meta":"","stick-header-meta":"","header-above-stick-meta":"","header-main-stick-meta":"","header-below-stick-meta":"","astra-migrate-meta-layouts":"default","ast-page-background-enabled":"default","ast-page-background-meta":{"desktop":{"background-color":"var(--ast-global-color-5)","background-image":"","background-repeat":"repeat","background-position":"center center","background-size":"auto","background-attachment":"scroll","background-type":"","background-media":"","overlay-type":"","overlay-color":"","overlay-opacity":"","overlay-gradient":""},"tablet":{"background-color":"","background-image":"","background-repeat":"repeat","background-position":"center center","background-size":"auto","background-attachment":"scroll","background-type":"","background-media":"","overlay-type":"","overlay-color":"","overlay-opacity":"","overlay-gradient":""},"mobile":{"background-color":"","background-image":"","background-repeat":"repeat","background-position":"center center","background-size":"auto","background-attachment":"scroll","background-type":"","background-media":"","overlay-type":"","overlay-color":"","overlay-opacity":"","overlay-gradient":""}},"ast-content-background-meta":{"desktop":{"background-color":"var(--ast-global-color-4)","background-image":"","background-repeat":"repeat","background-position":"center center","background-size":"auto","background-attachment":"scroll","background-type":"","background-media":"","overlay-type":"","overlay-color":"","overlay-opacity":"","overlay-gradient":""},"tablet":{"background-color":"var(--ast-global-color-4)","background-image":"","background-repeat":"repeat","background-position":"center center","background-size":"auto","background-attachment":"scroll","background-type":"","background-media":"","overlay-type":"","overlay-color":"","overlay-opacity":"","overlay-gradient":""},"mobile":{"background-color":"var(--ast-global-color-4)","background-image":"","background-repeat":"repeat","background-position":"center center","background-size":"auto","background-attachment":"scroll","background-type":"","background-media":"","overlay-type":"","overlay-color":"","overlay-opacity":"","overlay-gradient":""}},"footnotes":""},"class_list":["post-609","page","type-page","status-publish","hentry"],"_links":{"self":[{"href":"https:\/\/wisebusiness.net\/de\/wp-json\/wp\/v2\/pages\/609","targetHints":{"allow":["GET"]}}],"collection":[{"href":"https:\/\/wisebusiness.net\/de\/wp-json\/wp\/v2\/pages"}],"about":[{"href":"https:\/\/wisebusiness.net\/de\/wp-json\/wp\/v2\/types\/page"}],"author":[{"embeddable":true,"href":"https:\/\/wisebusiness.net\/de\/wp-json\/wp\/v2\/users\/1"}],"replies":[{"embeddable":true,"href":"https:\/\/wisebusiness.net\/de\/wp-json\/wp\/v2\/comments?post=609"}],"version-history":[{"count":7,"href":"https:\/\/wisebusiness.net\/de\/wp-json\/wp\/v2\/pages\/609\/revisions"}],"predecessor-version":[{"id":1041,"href":"https:\/\/wisebusiness.net\/de\/wp-json\/wp\/v2\/pages\/609\/revisions\/1041"}],"wp:attachment":[{"href":"https:\/\/wisebusiness.net\/de\/wp-json\/wp\/v2\/media?parent=609"}],"curies":[{"name":"wp","href":"https:\/\/api.w.org\/{rel}","templated":true}]}}