{"id":3,"date":"2025-07-21T13:28:46","date_gmt":"2025-07-21T13:28:46","guid":{"rendered":"https:\/\/wisebusiness.net\/?page_id=3"},"modified":"2025-09-11T23:24:08","modified_gmt":"2025-09-11T23:24:08","slug":"datenschutzbestimmungen","status":"publish","type":"page","link":"https:\/\/wisebusiness.net\/de\/datenschutzbestimmungen\/","title":{"rendered":"Datenschutzbestimmungen"},"content":{"rendered":"<div data-elementor-type=\"wp-page\" data-elementor-id=\"3\" class=\"elementor elementor-3\">\n\t\t\t\t<div class=\"elementor-element elementor-element-3825561 e-flex e-con-boxed e-con e-parent\" data-id=\"3825561\" data-element_type=\"container\" data-e-type=\"container\" data-settings=\"{&quot;background_background&quot;:&quot;classic&quot;}\">\n\t\t\t\t\t<div class=\"e-con-inner\">\n\t\t<div class=\"elementor-element elementor-element-be389a6 e-con-full e-flex e-con e-child\" data-id=\"be389a6\" data-element_type=\"container\" data-e-type=\"container\">\n\t\t\t\t<div class=\"elementor-element elementor-element-d55e1ca elementor-widget elementor-widget-elementskit-heading\" data-id=\"d55e1ca\" data-element_type=\"widget\" data-e-type=\"widget\" data-widget_type=\"elementskit-heading.default\">\n\t\t\t\t\t<div class=\"ekit-wid-con\" ><div class=\"ekit-heading elementskit-section-title-wraper text_left   ekit_heading_tablet-   ekit_heading_mobile-\"><h1 class=\"ekit-heading--title elementskit-section-title\">Datenschutzbestimmungen<span><span>.<\/span><\/span><\/h1><\/div><\/div>\t\t\t\t<\/div>\n\t\t\t\t<\/div>\n\t\t\t\t\t<\/div>\n\t\t\t\t<\/div>\n\t\t<div class=\"elementor-element elementor-element-12b3601e e-flex e-con-boxed e-con e-parent\" data-id=\"12b3601e\" data-element_type=\"container\" data-e-type=\"container\">\n\t\t\t\t\t<div class=\"e-con-inner\">\n\t\t\t\t<div class=\"elementor-element elementor-element-638ebac1 elementor-widget elementor-widget-text-editor\" data-id=\"638ebac1\" data-element_type=\"widget\" data-e-type=\"widget\" data-widget_type=\"text-editor.default\">\n\t\t\t\t\t\t\t\t\t<h2 data-start=\"214\" data-end=\"235\">\u00a0<\/h2><p data-start=\"236\" data-end=\"269\"><strong data-start=\"236\" data-end=\"267\">Zuletzt aktualisiert: 2025\/09\/11<\/strong><\/p><p data-start=\"271\" data-end=\"580\">WISEBUSINESS IT LTD (\"wir\", \"unser\", \"uns\") respektiert Ihre Privatsph\u00e4re und verpflichtet sich, die pers\u00f6nlichen Daten unserer Kunden, Partner und Website-Besucher zu sch\u00fctzen. In dieser Datenschutzrichtlinie wird erl\u00e4utert, wie wir Ihre personenbezogenen Daten erfassen, verwenden und sch\u00fctzen, wenn Sie mit unserer Website, unseren Dienstleistungen und unserer Kommunikation interagieren.<\/p><hr data-start=\"582\" data-end=\"585\" \/><h3 data-start=\"587\" data-end=\"605\">1. Wer wir sind<\/h3><ul data-start=\"606\" data-end=\"791\"><li data-start=\"606\" data-end=\"647\"><p data-start=\"608\" data-end=\"647\"><strong data-start=\"608\" data-end=\"625\">Name des Unternehmens:<\/strong> WISEBUSINESS IT LTD<\/p><\/li><li data-start=\"648\" data-end=\"745\"><p data-start=\"650\" data-end=\"745\"><strong data-start=\"650\" data-end=\"673\">Eingetragene Anschrift:<\/strong> 71-75 Shelton Street, Covent Garden, London, WC2H 9JQ, Vereinigtes K\u00f6nigreich<\/p><\/li><li data-start=\"746\" data-end=\"791\"><p data-start=\"748\" data-end=\"791\"><strong data-start=\"748\" data-end=\"766\">Juristischer Kontakt:<\/strong> <a class=\"decorated-link cursor-pointer\" rel=\"noopener\" data-start=\"767\" data-end=\"789\">legal@wisebusiness.net<\/a><\/p><\/li><\/ul><p data-start=\"793\" data-end=\"886\">Wir sind weltweit t\u00e4tig, mit Niederlassungen im Vereinigten K\u00f6nigreich und in Marokko, und bedienen internationale Kunden.<\/p><hr data-start=\"888\" data-end=\"891\" \/><h3 data-start=\"893\" data-end=\"921\">2. Welche Daten wir sammeln<\/h3><p data-start=\"922\" data-end=\"967\">Wir k\u00f6nnen die folgenden Arten von Daten sammeln:<\/p><ul data-start=\"968\" data-end=\"1359\"><li data-start=\"968\" data-end=\"1032\"><p data-start=\"970\" data-end=\"1032\"><strong data-start=\"970\" data-end=\"995\">Pers\u00f6nliche Identifikatoren:<\/strong> Name, E-Mail-Adresse, Telefonnummer.<\/p><\/li><li data-start=\"1033\" data-end=\"1111\"><p data-start=\"1035\" data-end=\"1111\"><strong data-start=\"1035\" data-end=\"1060\">Gesch\u00e4ftliche Informationen:<\/strong> Firmenname, Branche und bevorzugte Dienstleistungen.<\/p><\/li><li data-start=\"1112\" data-end=\"1181\"><p data-start=\"1114\" data-end=\"1181\"><strong data-start=\"1114\" data-end=\"1133\">Technische Daten:<\/strong> IP-Adresse, Browsertyp, Ger\u00e4teinformationen.<\/p><\/li><li data-start=\"1182\" data-end=\"1268\"><p data-start=\"1184\" data-end=\"1268\"><strong data-start=\"1184\" data-end=\"1199\">Verwendungsdaten:<\/strong> Besuchte Seiten, Verweildauer, Navigationspfade (\u00fcber Analysetools).<\/p><\/li><li data-start=\"1269\" data-end=\"1359\"><p data-start=\"1271\" data-end=\"1359\"><strong data-start=\"1271\" data-end=\"1294\">Cookies und Tracking:<\/strong> Sitzungscookies, Pr\u00e4ferenzen, Analysen und Marketing-Pixel.<\/p><\/li><\/ul><hr data-start=\"1361\" data-end=\"1364\" \/><h3 data-start=\"1366\" data-end=\"1393\">3. Wie wir Daten sammeln<\/h3><ul data-start=\"1394\" data-end=\"1723\"><li data-start=\"1394\" data-end=\"1460\"><p data-start=\"1396\" data-end=\"1460\">Wenn Sie <strong data-start=\"1405\" data-end=\"1431\">Kontaktformulare ausf\u00fcllen<\/strong> oder fordern Sie eine Beratung an.<\/p><\/li><li data-start=\"1461\" data-end=\"1525\"><p data-start=\"1463\" data-end=\"1525\">Wenn Sie <strong data-start=\"1472\" data-end=\"1500\">Newsletters abonnieren<\/strong> oder Ressourcen herunterladen.<\/p><\/li><li data-start=\"1526\" data-end=\"1592\"><p data-start=\"1528\" data-end=\"1592\">\u00dcber <strong data-start=\"1536\" data-end=\"1555\">Analyseinstrumente<\/strong> wie Google Analytics und HubSpot.<\/p><\/li><li data-start=\"1593\" data-end=\"1651\"><p data-start=\"1595\" data-end=\"1651\">\u00dcber <strong data-start=\"1603\" data-end=\"1625\">Werbepixel<\/strong> wie z. B. Facebook Pixel.<\/p><\/li><li data-start=\"1652\" data-end=\"1723\"><p data-start=\"1654\" data-end=\"1723\">Wenn Sie mit uns kommunizieren \u00fcber <strong data-start=\"1687\" data-end=\"1720\">E-Mail, Telefon oder soziale Medien<\/strong>.<\/p><\/li><\/ul><hr data-start=\"1725\" data-end=\"1728\" \/><h3 data-start=\"1730\" data-end=\"1758\">4. Wie wir Ihre Daten verwenden<\/h3><p data-start=\"1759\" data-end=\"1785\">Wir verwenden personenbezogene Daten, um:<\/p><ul data-start=\"1786\" data-end=\"2142\"><li data-start=\"1786\" data-end=\"1841\"><p data-start=\"1788\" data-end=\"1841\">Bereitstellung und Lieferung unserer Marketing- und Webdienste.<\/p><\/li><li data-start=\"1842\" data-end=\"1895\"><p data-start=\"1844\" data-end=\"1895\">Reagieren Sie auf Anfragen, Ersuchen oder Unterst\u00fctzungsbedarf.<\/p><\/li><li data-start=\"1896\" data-end=\"1948\"><p data-start=\"1898\" data-end=\"1948\">Verbesserung der Website-Leistung und der Benutzerfreundlichkeit.<\/p><\/li><li data-start=\"1949\" data-end=\"2004\"><p data-start=\"1951\" data-end=\"2004\">Analysieren Sie Kampagnen und Strategien, um sie zu optimieren.<\/p><\/li><li data-start=\"2005\" data-end=\"2074\"><p data-start=\"2007\" data-end=\"2074\">Versenden von Newslettern, Aktualisierungen und relevanten Marketingmitteilungen.<\/p><\/li><li data-start=\"2075\" data-end=\"2142\"><p data-start=\"2077\" data-end=\"2142\">Sicherstellung der Einhaltung von rechtlichen, steuerlichen und vertraglichen Verpflichtungen.<\/p><\/li><\/ul><p data-start=\"2144\" data-end=\"2238\">Wir <strong data-start=\"2147\" data-end=\"2178\">nicht verkaufen, vermieten oder weitergeben<\/strong> personenbezogene Daten mit Dritten zu kommerziellen Zwecken.<\/p><hr data-start=\"2240\" data-end=\"2243\" \/><h3 data-start=\"2245\" data-end=\"2281\">5. Internationale Daten\u00fcbermittlung<\/h3><p data-start=\"2282\" data-end=\"2513\">Da wir Kunden auf der ganzen Welt bedienen, k\u00f6nnen Ihre Daten au\u00dferhalb des Vereinigten K\u00f6nigreichs\/der EU verarbeitet werden (z. B. auf Servern in den USA oder anderen L\u00e4ndern). Wir stellen sicher, dass solche \u00dcbertragungen den folgenden Bestimmungen entsprechen <strong data-start=\"2452\" data-end=\"2471\">GDPR-Garantien<\/strong> (z. B. Standardvertragsklauseln).<\/p><hr data-start=\"2515\" data-end=\"2518\" \/><h3 data-start=\"2520\" data-end=\"2542\">6. Vorratsdatenspeicherung<\/h3><p data-start=\"2543\" data-end=\"2697\">Wir bewahren personenbezogene Daten auf <strong data-start=\"2567\" data-end=\"2610\">bis zur Beendigung des Vertrags mit dem Kunden<\/strong>es sei denn, dies ist gesetzlich vorgeschrieben. Sie k\u00f6nnen eine fr\u00fchere L\u00f6schung beantragen (siehe Abschnitt 9).<\/p><hr data-start=\"2699\" data-end=\"2702\" \/><h3 data-start=\"2704\" data-end=\"2745\">7. Rechtsgrundlage f\u00fcr die Verarbeitung (GDPR)<\/h3><p data-start=\"2746\" data-end=\"2790\">Wir verarbeiten Daten auf den folgenden Grundlagen:<\/p><ul data-start=\"2791\" data-end=\"3067\"><li data-start=\"2791\" data-end=\"2858\"><p data-start=\"2793\" data-end=\"2858\"><strong data-start=\"2793\" data-end=\"2804\">Zustimmung<\/strong> (wenn Sie sich f\u00fcr den Newsletter anmelden oder Cookies akzeptieren).<\/p><\/li><li data-start=\"2859\" data-end=\"2916\"><p data-start=\"2861\" data-end=\"2916\"><strong data-start=\"2861\" data-end=\"2873\">Vertrag<\/strong> (bei der Erbringung von Vermittlungsdienstleistungen f\u00fcr Sie).<\/p><\/li><li data-start=\"2917\" data-end=\"3007\"><p data-start=\"2919\" data-end=\"3007\"><strong data-start=\"2919\" data-end=\"2942\">Legitimes Interesse<\/strong> (Gesch\u00e4ftsentwicklung, Betrugsbek\u00e4mpfung, Verbesserung der Website).<\/p><\/li><li data-start=\"3008\" data-end=\"3067\"><p data-start=\"3010\" data-end=\"3067\"><strong data-start=\"3010\" data-end=\"3030\">Rechtliche Verpflichtung<\/strong> (steuerliche und rechtliche Anforderungen).<\/p><\/li><\/ul><hr data-start=\"3069\" data-end=\"3072\" \/><h3 data-start=\"3074\" data-end=\"3100\">8. Cookies &amp; Tracking<\/h3><p data-start=\"3101\" data-end=\"3120\">Unsere Website verwendet:<\/p><ul data-start=\"3121\" data-end=\"3364\"><li data-start=\"3121\" data-end=\"3184\"><p data-start=\"3123\" data-end=\"3184\"><strong data-start=\"3123\" data-end=\"3144\">Wesentliche Cookies<\/strong> - f\u00fcr die Funktionalit\u00e4t der Website erforderlich.<\/p><\/li><li data-start=\"3185\" data-end=\"3239\"><p data-start=\"3187\" data-end=\"3239\"><strong data-start=\"3187\" data-end=\"3208\">Analyse-Cookies<\/strong> - Google Analytics, HubSpot.<\/p><\/li><li data-start=\"3240\" data-end=\"3301\"><p data-start=\"3242\" data-end=\"3301\"><strong data-start=\"3242\" data-end=\"3263\">Marketing-Cookies<\/strong> - Facebook Pixel, Remarketing-Tags.<\/p><\/li><li data-start=\"3302\" data-end=\"3364\"><p data-start=\"3304\" data-end=\"3364\"><strong data-start=\"3304\" data-end=\"3326\">Pr\u00e4ferenz-Cookies<\/strong> - um Einstellungen und Auswahlen zu speichern.<\/p><\/li><\/ul><p data-start=\"3366\" data-end=\"3483\">Sie k\u00f6nnen die Cookie-Pr\u00e4ferenzen \u00fcber unser Cookie-Banner oder die Browsereinstellungen verwalten. Siehe unser <strong data-start=\"3451\" data-end=\"3468\">Cookie-Richtlinie<\/strong> f\u00fcr Einzelheiten.<\/p><hr data-start=\"3485\" data-end=\"3488\" \/><h3 data-start=\"3490\" data-end=\"3523\">9. Ihre Rechte (GDPR &amp; CCPA)<\/h3><p data-start=\"3524\" data-end=\"3548\">Sie haben das Recht dazu:<\/p><ul data-start=\"3549\" data-end=\"3839\"><li data-start=\"3549\" data-end=\"3581\"><p data-start=\"3551\" data-end=\"3581\">Beantragen Sie Zugang zu Ihren Daten.<\/p><\/li><li data-start=\"3582\" data-end=\"3617\"><p data-start=\"3584\" data-end=\"3617\">Antrag auf Berichtigung oder L\u00f6schung.<\/p><\/li><li data-start=\"3618\" data-end=\"3647\"><p data-start=\"3620\" data-end=\"3647\">Beantragen Sie Daten\u00fcbertragbarkeit.<\/p><\/li><li data-start=\"3648\" data-end=\"3699\"><p data-start=\"3650\" data-end=\"3699\">Widerspruch gegen eine bestimmte Verarbeitung (z. B. Marketing).<\/p><\/li><li data-start=\"3700\" data-end=\"3733\"><p data-start=\"3702\" data-end=\"3733\">Sie k\u00f6nnen Ihre Einwilligung jederzeit widerrufen.<\/p><\/li><li data-start=\"3734\" data-end=\"3839\"><p data-start=\"3736\" data-end=\"3839\">F\u00fcr in Kalifornien ans\u00e4ssige Personen: Ablehnung des \"Datenverkaufs\" (wir verkaufen keine Daten, beachten aber die CCPA-Rechte).<\/p><\/li><\/ul><p data-start=\"3841\" data-end=\"3908\">Um Ihre Rechte auszu\u00fcben, senden Sie uns eine E-Mail an: <strong data-start=\"3879\" data-end=\"3905\"><a class=\"decorated-link cursor-pointer\" rel=\"noopener\" data-start=\"3881\" data-end=\"3903\">legal@wisebusiness.net<\/a><\/strong>.<\/p><hr data-start=\"3910\" data-end=\"3913\" \/><h3 data-start=\"3915\" data-end=\"3937\">10. Datensicherheit<\/h3><p data-start=\"3938\" data-end=\"4102\">Wir setzen technische und organisatorische Ma\u00dfnahmen zum Schutz Ihrer Daten ein, darunter Verschl\u00fcsselung, sicheres Hosting und eingeschr\u00e4nkter Zugang. Allerdings ist kein System 100% sicher.<\/p><hr data-start=\"4104\" data-end=\"4107\" \/><h3 data-start=\"4109\" data-end=\"4138\">11. Dienstleistungen von Drittanbietern<\/h3><p data-start=\"4139\" data-end=\"4180\">Wir nutzen Drittanbieter, einschlie\u00dflich:<\/p><ul data-start=\"4181\" data-end=\"4293\"><li data-start=\"4181\" data-end=\"4217\"><p data-start=\"4183\" data-end=\"4217\"><strong data-start=\"4183\" data-end=\"4203\">Google Analytics<\/strong> (Analytik)<\/p><\/li><li data-start=\"4218\" data-end=\"4256\"><p data-start=\"4220\" data-end=\"4256\"><strong data-start=\"4220\" data-end=\"4231\">HubSpot<\/strong> (CRM, Lead Management)<\/p><\/li><li data-start=\"4257\" data-end=\"4293\"><p data-start=\"4259\" data-end=\"4293\"><strong data-start=\"4259\" data-end=\"4277\">Facebook-Pixel<\/strong> (Werbung)<\/p><\/li><\/ul><p data-start=\"4295\" data-end=\"4397\">Wir sind nicht f\u00fcr die Datenschutzpraktiken Dritter verantwortlich und empfehlen, deren Richtlinien zu \u00fcberpr\u00fcfen.<\/p><hr data-start=\"4399\" data-end=\"4402\" \/><h3 data-start=\"4404\" data-end=\"4435\">12. \u00c4nderungen an dieser Politik<\/h3><p data-start=\"4436\" data-end=\"4562\">Wir k\u00f6nnen diese Datenschutzrichtlinie von Zeit zu Zeit aktualisieren. Aktualisierungen werden auf dieser Seite mit einem \u00fcberarbeiteten Datum der letzten Aktualisierung ver\u00f6ffentlicht.<\/p><hr data-start=\"4564\" data-end=\"4567\" \/><h3 data-start=\"4569\" data-end=\"4588\">13. Kontakt<\/h3><p data-start=\"4589\" data-end=\"4712\">Wenn Sie Fragen, Bedenken oder Beschwerden zu dieser Datenschutzrichtlinie oder zum Umgang mit Daten haben, wenden Sie sich bitte an uns:<\/p><p data-start=\"4714\" data-end=\"4841\">\ud83d\udce7 <strong data-start=\"4717\" data-end=\"4743\"><a class=\"decorated-link cursor-pointer\" rel=\"noopener\" data-start=\"4719\" data-end=\"4741\">legal@wisebusiness.net<\/a><\/strong><br data-start=\"4743\" data-end=\"4746\" \/>\ud83d\udccd WISEBUSINESS IT LTD, 71-75 Shelton Street, Covent Garden, London, WC2H 9JQ, Vereinigtes K\u00f6nigreich<\/p>\t\t\t\t\t\t\t\t<\/div>\n\t\t\t\t\t<\/div>\n\t\t\t\t<\/div>\n\t\t\t\t<\/div>","protected":false},"excerpt":{"rendered":"<p>Privacy Policy. \u00a0 Last updated: 2025\/09\/11 WISEBUSINESS IT LTD (\u201cwe,\u201d \u201cour,\u201d \u201cus\u201d) respects your privacy and is committed to protecting [&hellip;]<\/p>\n","protected":false},"author":1,"featured_media":0,"parent":0,"menu_order":0,"comment_status":"closed","ping_status":"open","template":"elementor_header_footer","meta":{"content-type":"","site-sidebar-layout":"default","site-content-layout":"","ast-site-content-layout":"full-width-container","site-content-style":"default","site-sidebar-style":"default","ast-global-header-display":"","ast-banner-title-visibility":"","ast-main-header-display":"","ast-hfb-above-header-display":"","ast-hfb-below-header-display":"","ast-hfb-mobile-header-display":"","site-post-title":"","ast-breadcrumbs-content":"","ast-featured-img":"","footer-sml-layout":"","ast-disable-related-posts":"","theme-transparent-header-meta":"","adv-header-id-meta":"","stick-header-meta":"","header-above-stick-meta":"","header-main-stick-meta":"","header-below-stick-meta":"","astra-migrate-meta-layouts":"default","ast-page-background-enabled":"default","ast-page-background-meta":{"desktop":{"background-color":"var(--ast-global-color-5)","background-image":"","background-repeat":"repeat","background-position":"center center","background-size":"auto","background-attachment":"scroll","background-type":"","background-media":"","overlay-type":"","overlay-color":"","overlay-opacity":"","overlay-gradient":""},"tablet":{"background-color":"","background-image":"","background-repeat":"repeat","background-position":"center center","background-size":"auto","background-attachment":"scroll","background-type":"","background-media":"","overlay-type":"","overlay-color":"","overlay-opacity":"","overlay-gradient":""},"mobile":{"background-color":"","background-image":"","background-repeat":"repeat","background-position":"center center","background-size":"auto","background-attachment":"scroll","background-type":"","background-media":"","overlay-type":"","overlay-color":"","overlay-opacity":"","overlay-gradient":""}},"ast-content-background-meta":{"desktop":{"background-color":"var(--ast-global-color-4)","background-image":"","background-repeat":"repeat","background-position":"center center","background-size":"auto","background-attachment":"scroll","background-type":"","background-media":"","overlay-type":"","overlay-color":"","overlay-opacity":"","overlay-gradient":""},"tablet":{"background-color":"var(--ast-global-color-4)","background-image":"","background-repeat":"repeat","background-position":"center center","background-size":"auto","background-attachment":"scroll","background-type":"","background-media":"","overlay-type":"","overlay-color":"","overlay-opacity":"","overlay-gradient":""},"mobile":{"background-color":"var(--ast-global-color-4)","background-image":"","background-repeat":"repeat","background-position":"center center","background-size":"auto","background-attachment":"scroll","background-type":"","background-media":"","overlay-type":"","overlay-color":"","overlay-opacity":"","overlay-gradient":""}},"footnotes":""},"class_list":["post-3","page","type-page","status-publish","hentry"],"_links":{"self":[{"href":"https:\/\/wisebusiness.net\/de\/wp-json\/wp\/v2\/pages\/3","targetHints":{"allow":["GET"]}}],"collection":[{"href":"https:\/\/wisebusiness.net\/de\/wp-json\/wp\/v2\/pages"}],"about":[{"href":"https:\/\/wisebusiness.net\/de\/wp-json\/wp\/v2\/types\/page"}],"author":[{"embeddable":true,"href":"https:\/\/wisebusiness.net\/de\/wp-json\/wp\/v2\/users\/1"}],"replies":[{"embeddable":true,"href":"https:\/\/wisebusiness.net\/de\/wp-json\/wp\/v2\/comments?post=3"}],"version-history":[{"count":10,"href":"https:\/\/wisebusiness.net\/de\/wp-json\/wp\/v2\/pages\/3\/revisions"}],"predecessor-version":[{"id":1038,"href":"https:\/\/wisebusiness.net\/de\/wp-json\/wp\/v2\/pages\/3\/revisions\/1038"}],"wp:attachment":[{"href":"https:\/\/wisebusiness.net\/de\/wp-json\/wp\/v2\/media?parent=3"}],"curies":[{"name":"wp","href":"https:\/\/api.w.org\/{rel}","templated":true}]}}